{"id":6266,"date":"2025-02-21T08:45:20","date_gmt":"2025-02-21T07:45:20","guid":{"rendered":"https:\/\/pro.beautyproject.ch\/prodotto\/kinetics-lotion-pour-les-mains-et-le-corps-lavande-et-ananas-250ml\/"},"modified":"2025-03-03T11:50:13","modified_gmt":"2025-03-03T10:50:13","slug":"kinetics-lotion-pour-les-mains-et-le-corps-lavande-et-ananas-250ml","status":"publish","type":"product","link":"https:\/\/pro.beautyproject.ch\/fr\/produit\/kinetics-lotion-pour-les-mains-et-le-corps-lavande-et-ananas-250ml\/","title":{"rendered":"Kinetics Hand&amp;Body Lotion Lavender &amp; Pineapple 250ml"},"content":{"rendered":"<p>Parfum : Lavande et ananas<\/p>\n<p>Lotion parfum\u00e9e de texture ultra-l\u00e9g\u00e8re enrichie en beurre de karit\u00e9, vitamine E et huiles essentielles de Grasse, France. Hydratation 24 heures sur 24 <\/p>\n<p>&nbsp;<\/p>\n<p><strong>PARFUM<\/strong><\/p>\n<p>Un parfum aromatique bois\u00e9 caract\u00e9ris\u00e9 par un m\u00e9lange frais et herbac\u00e9 en notes de d\u00e9part, suivi par des notes de c\u0153ur d&#8217;ananas fruit\u00e9 et de g\u00e9ranium floral. Les notes de fond de patchouli, de vanille et de caramel ajoutent une touche accueillante \u00e0 cette d\u00e9licieuse fragrance. <\/p>\n<p><strong>Notes de t\u00eate<\/strong>: Lavande, Anis, Bergamote, Orange.<\/p>\n<p><strong>Notes de c\u0153ur<\/strong>: G\u00e9ranium, Ananas.<\/p>\n<p><strong>Notes de fond<\/strong>: Patchouli, Vanille, Caramel.<\/p>\n<p><strong>Famille olfactive<\/strong>: Bois<\/p>\n<p>&nbsp;<\/p>\n<p><strong>UTILISER<\/strong><\/p>\n<p>Appliquer et masser les paumes et les bras une \u00e0 deux fois par jour. Si n\u00e9cessaire, appliquez plus souvent. La lotion parfum\u00e9e peut \u00eatre utilis\u00e9e sur tout le corps.  <\/p>\n","protected":false},"excerpt":{"rendered":"<p>Lotion parfum\u00e9e de texture ultra-l\u00e9g\u00e8re enrichie en beurre de karit\u00e9, vitamine E et huiles essentielles de Grasse, France.<\/p>\n<p>250mL<\/p>\n","protected":false},"featured_media":4751,"template":"","meta":{"_acf_changed":false,"_seopress_robots_primary_cat":"","_seopress_titles_title":"","_seopress_titles_desc":"","_seopress_robots_index":"","_seopress_analysis_target_kw":""},"product_brand":[],"product_cat":[115],"product_tag":[],"class_list":{"0":"post-6266","1":"product","2":"type-product","3":"status-publish","4":"has-post-thumbnail","6":"product_cat-skin-care-fr","8":"first","9":"instock","10":"taxable","11":"shipping-taxable","12":"product-type-simple"},"acf":[],"jetpack_sharing_enabled":true,"_links":{"self":[{"href":"https:\/\/pro.beautyproject.ch\/fr\/wp-json\/wp\/v2\/product\/6266","targetHints":{"allow":["GET"]}}],"collection":[{"href":"https:\/\/pro.beautyproject.ch\/fr\/wp-json\/wp\/v2\/product"}],"about":[{"href":"https:\/\/pro.beautyproject.ch\/fr\/wp-json\/wp\/v2\/types\/product"}],"wp:featuredmedia":[{"embeddable":true,"href":"https:\/\/pro.beautyproject.ch\/fr\/wp-json\/wp\/v2\/media\/4751"}],"wp:attachment":[{"href":"https:\/\/pro.beautyproject.ch\/fr\/wp-json\/wp\/v2\/media?parent=6266"}],"wp:term":[{"taxonomy":"product_brand","embeddable":true,"href":"https:\/\/pro.beautyproject.ch\/fr\/wp-json\/wp\/v2\/product_brand?post=6266"},{"taxonomy":"product_cat","embeddable":true,"href":"https:\/\/pro.beautyproject.ch\/fr\/wp-json\/wp\/v2\/product_cat?post=6266"},{"taxonomy":"product_tag","embeddable":true,"href":"https:\/\/pro.beautyproject.ch\/fr\/wp-json\/wp\/v2\/product_tag?post=6266"}],"curies":[{"name":"wp","href":"https:\/\/api.w.org\/{rel}","templated":true}]}}