{"id":6273,"date":"2025-02-21T08:44:19","date_gmt":"2025-02-21T07:44:19","guid":{"rendered":"https:\/\/pro.beautyproject.ch\/prodotto\/kinetics-lotion-pour-les-mains-et-le-corps-pomme-verte-et-jasmin-250ml\/"},"modified":"2026-02-10T15:36:11","modified_gmt":"2026-02-10T14:36:11","slug":"kinetics-lotion-pour-les-mains-et-le-corps-pomme-verte-et-jasmin-250ml","status":"publish","type":"product","link":"https:\/\/pro.beautyproject.ch\/fr\/produit\/kinetics-lotion-pour-les-mains-et-le-corps-pomme-verte-et-jasmin-250ml\/","title":{"rendered":"Kinetics Hand&amp;Body Lotion Green Apple &amp; Jasmin 250ml"},"content":{"rendered":"<p>Parfum : Pomme verte et Jasmin<\/p>\n<p>Lotion parfum\u00e9e de texture ultra-l\u00e9g\u00e8re enrichie en beurre de karit\u00e9, vitamine E et huiles essentielles de Grasse, France. Hydratation 24 heures sur 24 <\/p>\n<p><strong>PARFUM<\/strong><\/p>\n<p>Rappelant une journ\u00e9e ensoleill\u00e9e ou un pique-nique dans un parc, ce parfum frais et fruit\u00e9 pour tous les jours s&#8217;ouvre sur une explosion d&#8217;agrumes et de pommes vertes. Au fil du temps, ce parfum d\u00e9licieux se transforme en un m\u00e9lange chaleureux et \u00e9l\u00e9gant de notes florales et bois\u00e9es. <\/p>\n<p><strong>Notes de t\u00eate<\/strong>: citron, orange bergamote, verveine, pomme verte.<\/p>\n<p><strong>Notes de c\u0153ur<\/strong>: Bambou, Jasmin, Violette, Rose.<\/p>\n<p><strong>Notes de fond<\/strong>: bois de c\u00e8dre, musc blanc, ambre, bois de santal.<\/p>\n<p><strong>Famille olfactive<\/strong>: Frais<\/p>\n<p>&nbsp;<\/p>\n<p><strong>UTILISER<\/strong><\/p>\n<p>Appliquer et masser les paumes et les bras une \u00e0 deux fois par jour. Si n\u00e9cessaire, appliquez plus souvent. La lotion parfum\u00e9e peut \u00eatre utilis\u00e9e sur tout le corps.  <\/p>\n","protected":false},"excerpt":{"rendered":"<p>Lotion parfum\u00e9e de texture ultra-l\u00e9g\u00e8re enrichie en beurre de karit\u00e9, vitamine E et huiles essentielles de Grasse, France.<\/p>\n<p>250mL<\/p>\n","protected":false},"featured_media":4748,"template":"","meta":{"_acf_changed":false,"_seopress_robots_primary_cat":"","_seopress_titles_title":"","_seopress_titles_desc":"","_seopress_robots_index":"","_seopress_analysis_target_kw":""},"product_brand":[],"product_cat":[115],"product_tag":[],"class_list":{"0":"post-6273","1":"product","2":"type-product","3":"status-publish","4":"has-post-thumbnail","6":"product_cat-skin-care-fr","8":"first","9":"instock","10":"taxable","11":"shipping-taxable","12":"product-type-simple"},"acf":[],"jetpack_sharing_enabled":true,"_links":{"self":[{"href":"https:\/\/pro.beautyproject.ch\/fr\/wp-json\/wp\/v2\/product\/6273","targetHints":{"allow":["GET"]}}],"collection":[{"href":"https:\/\/pro.beautyproject.ch\/fr\/wp-json\/wp\/v2\/product"}],"about":[{"href":"https:\/\/pro.beautyproject.ch\/fr\/wp-json\/wp\/v2\/types\/product"}],"wp:featuredmedia":[{"embeddable":true,"href":"https:\/\/pro.beautyproject.ch\/fr\/wp-json\/wp\/v2\/media\/4748"}],"wp:attachment":[{"href":"https:\/\/pro.beautyproject.ch\/fr\/wp-json\/wp\/v2\/media?parent=6273"}],"wp:term":[{"taxonomy":"product_brand","embeddable":true,"href":"https:\/\/pro.beautyproject.ch\/fr\/wp-json\/wp\/v2\/product_brand?post=6273"},{"taxonomy":"product_cat","embeddable":true,"href":"https:\/\/pro.beautyproject.ch\/fr\/wp-json\/wp\/v2\/product_cat?post=6273"},{"taxonomy":"product_tag","embeddable":true,"href":"https:\/\/pro.beautyproject.ch\/fr\/wp-json\/wp\/v2\/product_tag?post=6273"}],"curies":[{"name":"wp","href":"https:\/\/api.w.org\/{rel}","templated":true}]}}