{"id":6280,"date":"2025-02-21T08:53:19","date_gmt":"2025-02-21T07:53:19","guid":{"rendered":"https:\/\/pro.beautyproject.ch\/prodotto\/kinetics-lotion-pour-les-mains-et-le-corps-grenade-et-poivre-rose-250ml\/"},"modified":"2025-03-03T11:50:18","modified_gmt":"2025-03-03T10:50:18","slug":"kinetics-lotion-pour-les-mains-et-le-corps-grenade-et-poivre-rose-250ml","status":"publish","type":"product","link":"https:\/\/pro.beautyproject.ch\/fr\/produit\/kinetics-lotion-pour-les-mains-et-le-corps-grenade-et-poivre-rose-250ml\/","title":{"rendered":"Kinetics Hand&amp;Body Lotion Pomegranate&amp;Pink Pepper 250ml"},"content":{"rendered":"<p>Parfum : Grenade et poivre rose<\/p>\n<p>Lotion parfum\u00e9e de texture ultra-l\u00e9g\u00e8re enrichie en beurre de karit\u00e9, vitamine E et huiles essentielles de Grasse, France. Hydratation 24 heures sur 24 <\/p>\n<p><strong>PARFUM<\/strong><\/p>\n<p>Parfum oriental, parfait pour une soir\u00e9e romantique. Il s&#8217;ouvre sur des notes fruit\u00e9es et sucr\u00e9es telles que la framboise et la prune. Les notes de c\u0153ur chaudes et \u00e9pic\u00e9es du poivre rose, du jasmin et de la rose sont \u00e9quilibr\u00e9es par les notes bois\u00e9es et musqu\u00e9es du c\u00e8dre de Virginie dans la queue de ce parfum unique.  <\/p>\n<p><strong>Notes de t\u00eate<\/strong>: grenade, framboise, prune.<\/p>\n<p><strong>Notes de c\u0153ur<\/strong>: poivre rose, jasmin, rose.<\/p>\n<p><strong>Notes de fond<\/strong>: c\u00e8dre de Virginie, patchouli, musc.<\/p>\n<p><strong>Famille olfactive<\/strong>: orientale<\/p>\n<p>&nbsp;<\/p>\n<p><strong>UTILISER<\/strong><\/p>\n<p>Appliquer et masser les paumes et les bras une \u00e0 deux fois par jour. Si n\u00e9cessaire, appliquez plus souvent. La lotion parfum\u00e9e peut \u00eatre utilis\u00e9e sur tout le corps.  <\/p>\n","protected":false},"excerpt":{"rendered":"<p>Lotion parfum\u00e9e de texture ultra-l\u00e9g\u00e8re enrichie en beurre de karit\u00e9, vitamine E et huiles essentielles de Grasse, France.<\/p>\n<p>250mL<\/p>\n","protected":false},"featured_media":4736,"template":"","meta":{"_acf_changed":false,"_seopress_robots_primary_cat":"","_seopress_titles_title":"","_seopress_titles_desc":"","_seopress_robots_index":"","_seopress_analysis_target_kw":""},"product_brand":[],"product_cat":[115],"product_tag":[],"class_list":{"0":"post-6280","1":"product","2":"type-product","3":"status-publish","4":"has-post-thumbnail","6":"product_cat-skin-care-fr","8":"first","9":"instock","10":"taxable","11":"shipping-taxable","12":"product-type-simple"},"acf":[],"jetpack_sharing_enabled":true,"_links":{"self":[{"href":"https:\/\/pro.beautyproject.ch\/fr\/wp-json\/wp\/v2\/product\/6280","targetHints":{"allow":["GET"]}}],"collection":[{"href":"https:\/\/pro.beautyproject.ch\/fr\/wp-json\/wp\/v2\/product"}],"about":[{"href":"https:\/\/pro.beautyproject.ch\/fr\/wp-json\/wp\/v2\/types\/product"}],"wp:featuredmedia":[{"embeddable":true,"href":"https:\/\/pro.beautyproject.ch\/fr\/wp-json\/wp\/v2\/media\/4736"}],"wp:attachment":[{"href":"https:\/\/pro.beautyproject.ch\/fr\/wp-json\/wp\/v2\/media?parent=6280"}],"wp:term":[{"taxonomy":"product_brand","embeddable":true,"href":"https:\/\/pro.beautyproject.ch\/fr\/wp-json\/wp\/v2\/product_brand?post=6280"},{"taxonomy":"product_cat","embeddable":true,"href":"https:\/\/pro.beautyproject.ch\/fr\/wp-json\/wp\/v2\/product_cat?post=6280"},{"taxonomy":"product_tag","embeddable":true,"href":"https:\/\/pro.beautyproject.ch\/fr\/wp-json\/wp\/v2\/product_tag?post=6280"}],"curies":[{"name":"wp","href":"https:\/\/api.w.org\/{rel}","templated":true}]}}