{"id":6289,"date":"2025-02-21T08:44:19","date_gmt":"2025-02-21T07:44:19","guid":{"rendered":"https:\/\/pro.beautyproject.ch\/prodotto\/kinetics-handbody-lotion-silk-orchid-250ml\/"},"modified":"2025-03-03T11:50:24","modified_gmt":"2025-03-03T10:50:24","slug":"kinetics-handbody-lotion-silk-orchid-250ml","status":"publish","type":"product","link":"https:\/\/pro.beautyproject.ch\/fr\/produit\/kinetics-handbody-lotion-silk-orchid-250ml\/","title":{"rendered":"Kinetics Hand&amp;Body Lotion Silk Orchid 250ml"},"content":{"rendered":"<p>Parfum : Silk Orchid<\/p>\n<p>Lotion parfum\u00e9e de texture ultra-l\u00e9g\u00e8re enrichie en beurre de karit\u00e9, vitamine E et huiles essentielles de Grasse, France. Hydratation 24 heures sur 24 <\/p>\n<p><strong>PARFUM<\/strong><\/p>\n<p>Un parfum floral classique avec des notes de d\u00e9part d\u00e9licates d&#8217;orchid\u00e9e et de rose, suivies par la violette et le jasmin en c\u0153ur. Les notes de queue de bois de santal et de bois de c\u00e8dre ajoutent une touche finale chaude et sensuelle \u00e0 ce parfum, cr\u00e9ant une fragrance romantique avec juste ce qu&#8217;il faut de douceur. <\/p>\n<p><strong>Notes de t\u00eate<\/strong>: Orchid\u00e9e, Rose.<\/p>\n<p><strong>Notes de c\u0153ur<\/strong>: violette, jasmin.<\/p>\n<p><strong>Notes de fond<\/strong>: bois de santal, bois de c\u00e8dre.<\/p>\n<p><strong>Famille olfactive<\/strong>: florale<\/p>\n<p>&nbsp;<\/p>\n<p><strong>UTILISER<\/strong><\/p>\n<p>Appliquer et masser les paumes et les bras une \u00e0 deux fois par jour. Si n\u00e9cessaire, appliquez plus souvent. La lotion parfum\u00e9e peut \u00eatre utilis\u00e9e sur tout le corps.  <\/p>\n","protected":false},"excerpt":{"rendered":"<p>Lotion parfum\u00e9e de texture ultra-l\u00e9g\u00e8re enrichie en beurre de karit\u00e9, vitamine E et huiles essentielles de Grasse, France.<\/p>\n<p>250mL<\/p>\n","protected":false},"featured_media":4727,"template":"","meta":{"_acf_changed":false,"_seopress_robots_primary_cat":"","_seopress_titles_title":"","_seopress_titles_desc":"","_seopress_robots_index":"","_seopress_analysis_target_kw":""},"product_brand":[],"product_cat":[115],"product_tag":[],"class_list":{"0":"post-6289","1":"product","2":"type-product","3":"status-publish","4":"has-post-thumbnail","6":"product_cat-skin-care-fr","8":"first","9":"instock","10":"taxable","11":"shipping-taxable","12":"product-type-simple"},"acf":[],"jetpack_sharing_enabled":true,"_links":{"self":[{"href":"https:\/\/pro.beautyproject.ch\/fr\/wp-json\/wp\/v2\/product\/6289","targetHints":{"allow":["GET"]}}],"collection":[{"href":"https:\/\/pro.beautyproject.ch\/fr\/wp-json\/wp\/v2\/product"}],"about":[{"href":"https:\/\/pro.beautyproject.ch\/fr\/wp-json\/wp\/v2\/types\/product"}],"wp:featuredmedia":[{"embeddable":true,"href":"https:\/\/pro.beautyproject.ch\/fr\/wp-json\/wp\/v2\/media\/4727"}],"wp:attachment":[{"href":"https:\/\/pro.beautyproject.ch\/fr\/wp-json\/wp\/v2\/media?parent=6289"}],"wp:term":[{"taxonomy":"product_brand","embeddable":true,"href":"https:\/\/pro.beautyproject.ch\/fr\/wp-json\/wp\/v2\/product_brand?post=6289"},{"taxonomy":"product_cat","embeddable":true,"href":"https:\/\/pro.beautyproject.ch\/fr\/wp-json\/wp\/v2\/product_cat?post=6289"},{"taxonomy":"product_tag","embeddable":true,"href":"https:\/\/pro.beautyproject.ch\/fr\/wp-json\/wp\/v2\/product_tag?post=6289"}],"curies":[{"name":"wp","href":"https:\/\/api.w.org\/{rel}","templated":true}]}}