{"id":6302,"date":"2025-02-20T08:46:18","date_gmt":"2025-02-20T07:46:18","guid":{"rendered":"https:\/\/pro.beautyproject.ch\/prodotto\/kinetics-lotion-a-leau-dhibiscus-et-de-rose-950-ml\/"},"modified":"2026-05-13T13:32:10","modified_gmt":"2026-05-13T11:32:10","slug":"kinetics-lotion-a-leau-dhibiscus-et-de-rose-950-ml","status":"publish","type":"product","link":"https:\/\/pro.beautyproject.ch\/fr\/produit\/kinetics-lotion-a-leau-dhibiscus-et-de-rose-950-ml\/","title":{"rendered":"Kinetics Hibiscus&amp;Rose Water Lotion 950 ml"},"content":{"rendered":"<p>Parfum : Hibiscus et eau de rose<\/p>\n<p>Lotion parfum\u00e9e de texture ultra-l\u00e9g\u00e8re enrichie en beurre de karit\u00e9, vitamine E et huiles essentielles de Grasse, France. Hydratation 24 heures sur 24 <\/p>\n<p><strong>PARFUM<\/strong><\/p>\n<p>Pour les amateurs de senteurs classiques et florales, ce parfum pr\u00e9sente une merveilleuse combinaison de notes fruit\u00e9es et florales, ouvrant son bouquet avec de la rose et de la p\u00eache. L&#8217;hibiscus et le jasmin ravissent les notes de c\u0153ur, tandis que la vanille et le v\u00e9tyver ajoutent de la profondeur \u00e0 l&#8217;ensemble du parfum. <\/p>\n<p><strong>Notes de t\u00eate<\/strong>: rose, p\u00eache, cassis.<\/p>\n<p><strong>Notes de c\u0153ur<\/strong>: Hibiscus, Lys, Jasmin.<\/p>\n<p><strong>Notes de fond<\/strong>: Vanille, Ambrette, Vetyver.<\/p>\n<p><strong>Famille olfactive<\/strong>: florale<\/p>\n<p>&nbsp;<\/p>\n<p><strong>UTILISER<\/strong><\/p>\n<p>Appliquer et masser les paumes et les bras une \u00e0 deux fois par jour. Si n\u00e9cessaire, appliquez plus souvent. La lotion parfum\u00e9e peut \u00eatre utilis\u00e9e sur tout le corps.  <\/p>\n","protected":false},"excerpt":{"rendered":"<p>Lotion parfum\u00e9e de texture ultra-l\u00e9g\u00e8re enrichie en beurre de karit\u00e9, vitamine E et huiles essentielles de Grasse, France.<\/p>\n<p>950mL<\/p>\n","protected":false},"featured_media":4775,"template":"","meta":{"_acf_changed":false,"_seopress_robots_primary_cat":"","_seopress_titles_title":"","_seopress_titles_desc":"","_seopress_robots_index":"","_seopress_analysis_target_kw":""},"product_brand":[],"product_cat":[115],"product_tag":[],"class_list":{"0":"post-6302","1":"product","2":"type-product","3":"status-publish","4":"has-post-thumbnail","6":"product_cat-skin-care-fr","8":"first","9":"outofstock","10":"taxable","11":"shipping-taxable","12":"product-type-simple"},"acf":[],"jetpack_sharing_enabled":true,"_links":{"self":[{"href":"https:\/\/pro.beautyproject.ch\/fr\/wp-json\/wp\/v2\/product\/6302","targetHints":{"allow":["GET"]}}],"collection":[{"href":"https:\/\/pro.beautyproject.ch\/fr\/wp-json\/wp\/v2\/product"}],"about":[{"href":"https:\/\/pro.beautyproject.ch\/fr\/wp-json\/wp\/v2\/types\/product"}],"wp:featuredmedia":[{"embeddable":true,"href":"https:\/\/pro.beautyproject.ch\/fr\/wp-json\/wp\/v2\/media\/4775"}],"wp:attachment":[{"href":"https:\/\/pro.beautyproject.ch\/fr\/wp-json\/wp\/v2\/media?parent=6302"}],"wp:term":[{"taxonomy":"product_brand","embeddable":true,"href":"https:\/\/pro.beautyproject.ch\/fr\/wp-json\/wp\/v2\/product_brand?post=6302"},{"taxonomy":"product_cat","embeddable":true,"href":"https:\/\/pro.beautyproject.ch\/fr\/wp-json\/wp\/v2\/product_cat?post=6302"},{"taxonomy":"product_tag","embeddable":true,"href":"https:\/\/pro.beautyproject.ch\/fr\/wp-json\/wp\/v2\/product_tag?post=6302"}],"curies":[{"name":"wp","href":"https:\/\/api.w.org\/{rel}","templated":true}]}}