{"id":6326,"date":"2024-10-21T08:44:16","date_gmt":"2024-10-21T06:44:16","guid":{"rendered":"https:\/\/pro.beautyproject.ch\/prodotto\/kinetics-shield-fibre-base\/"},"modified":"2025-08-20T13:43:47","modified_gmt":"2025-08-20T11:43:47","slug":"kinetics-shield-fibre-base","status":"publish","type":"product","link":"https:\/\/pro.beautyproject.ch\/fr\/produit\/kinetics-shield-fibre-base\/","title":{"rendered":"Kinetics SHIELD Fiber Base"},"content":{"rendered":"<p>Coloration : transparente<\/p>\n<p>SHIELD\u2122 Fiber Base contient des fibres de nylon pour renforcer les ongles. Cette couche de base est id\u00e9ale pour les ongles fins et d\u00e9licats et garantit une durabilit\u00e9 jusqu&#8217;\u00e0 28 jours. <\/p>\n<p>La structure en caoutchouc de SHIELD\u2122 Fiber Base est flexible sur les ongles. La formule a une consistance moyennement dense. <\/p>\n<p>SHIELD\u2122 Fiber Base ne contient pas de HEMA, et est donc moins susceptible de provoquer des d\u00e9mangeaisons et des rougeurs cutan\u00e9es que les bases contenant HEMA.<\/p>\n<p>SHIELD\u2122 Fiber Base polym\u00e9rise dans des lampes LED, UV\/LED et UV.<\/p>\n<p>&nbsp;<\/p>\n<p><b>UTILISER<\/b><\/p>\n<p>SHIELD\u2122 Fiber Base ne peut \u00eatre utilis\u00e9 que comme base de construction.<\/p>\n<p><strong>Application<\/strong>: pr\u00e9parer la surface de l&#8217;ongle et appliquer une fine couche de SHIELD\u2122 Fiber Base. Sans polym\u00e9riser sous une lampe, proc\u00e9dez \u00e0 l&#8217;application d&#8217;une couche plus \u00e9paisse pour cr\u00e9er l&#8217;apex de l&#8217;ongle. Polym\u00e9riser pendant 30 secondes sous une lampe LED ou UV\/LED, ou pendant 90 secondes sous une lampe UV. Proc\u00e9der \u00e0 l&#8217;application de la couleur SHIELD\u2122 et du choix de la couleur. Top Coat SHIELD\u2122 de votre choix.   <\/p>\n<p><strong>\u00c9limination<\/strong>: limez jusqu&#8217;\u00e0 ce que le produit soit compl\u00e8tement \u00e9limin\u00e9. Vous pouvez \u00e9galement limer la plus grande partie du produit, puis l&#8217;enlever \u00e0 l&#8217;aide d&#8217;un produit \u00e0 base d&#8217;ac\u00e9tone ( Remover ), tel que Red Lizard, jusqu&#8217;\u00e0 ce qu&#8217;il soit compl\u00e8tement \u00e9limin\u00e9. <\/p>\n","protected":false},"excerpt":{"rendered":"<p class=\"p1\">Base semi-permanente de longue dur\u00e9e avec des fibres de nylon pour un renforcement flexible des ongles fins et d\u00e9licats. Dur\u00e9e de vie garantie d&#8217;au moins 28 jours. <\/p>\n","protected":false},"featured_media":4934,"template":"","meta":{"_acf_changed":false,"_seopress_robots_primary_cat":"","_seopress_titles_title":"","_seopress_titles_desc":"","_seopress_robots_index":"","_seopress_analysis_target_kw":""},"product_brand":[],"product_cat":[106],"product_tag":[],"class_list":{"0":"post-6326","1":"product","2":"type-product","3":"status-publish","4":"has-post-thumbnail","6":"product_cat-shield-base-fr","8":"first","9":"outofstock","10":"featured","11":"taxable","12":"shipping-taxable","13":"product-type-simple"},"acf":[],"jetpack_sharing_enabled":true,"_links":{"self":[{"href":"https:\/\/pro.beautyproject.ch\/fr\/wp-json\/wp\/v2\/product\/6326","targetHints":{"allow":["GET"]}}],"collection":[{"href":"https:\/\/pro.beautyproject.ch\/fr\/wp-json\/wp\/v2\/product"}],"about":[{"href":"https:\/\/pro.beautyproject.ch\/fr\/wp-json\/wp\/v2\/types\/product"}],"wp:featuredmedia":[{"embeddable":true,"href":"https:\/\/pro.beautyproject.ch\/fr\/wp-json\/wp\/v2\/media\/4934"}],"wp:attachment":[{"href":"https:\/\/pro.beautyproject.ch\/fr\/wp-json\/wp\/v2\/media?parent=6326"}],"wp:term":[{"taxonomy":"product_brand","embeddable":true,"href":"https:\/\/pro.beautyproject.ch\/fr\/wp-json\/wp\/v2\/product_brand?post=6326"},{"taxonomy":"product_cat","embeddable":true,"href":"https:\/\/pro.beautyproject.ch\/fr\/wp-json\/wp\/v2\/product_cat?post=6326"},{"taxonomy":"product_tag","embeddable":true,"href":"https:\/\/pro.beautyproject.ch\/fr\/wp-json\/wp\/v2\/product_tag?post=6326"}],"curies":[{"name":"wp","href":"https:\/\/api.w.org\/{rel}","templated":true}]}}