{"id":6348,"date":"2024-10-21T08:44:15","date_gmt":"2024-10-21T06:44:15","guid":{"rendered":"https:\/\/pro.beautyproject.ch\/prodotto\/kinetics-shield-ceramic-base-classic-nude-916\/"},"modified":"2025-03-03T11:51:12","modified_gmt":"2025-03-03T10:51:12","slug":"kinetics-shield-ceramic-base-classic-nude-916","status":"publish","type":"product","link":"https:\/\/pro.beautyproject.ch\/fr\/produit\/kinetics-shield-ceramic-base-classic-nude-916\/","title":{"rendered":"Kinetics SHIELD Ceramic Base Classic Nude #916"},"content":{"rendered":"<p>Coloration : Classic Nude<\/p>\n<p>SHIELD\u2122 Ceramic Base est une base et un colorant 2 en 1. Il offre une gamme de couleurs d&#8217;apparence naturelle et une bonne couverture. D&#8217;une dur\u00e9e de vie de 28 jours, il vous permet de cr\u00e9er des extensions d&#8217;ongles allant jusqu&#8217;\u00e0 2 mm ou de petites r\u00e9parations. La formule a une structure solide similaire \u00e0 gel qui ne se casse pas, m\u00eame sur des ongles longs et mous. Elle conserve sa forme aussi longtemps qu&#8217;elle est utilis\u00e9e.    <\/p>\n<p>SHIELD\u2122 Ceramic Base a une consistance \u00e9paisse qui ne coule pas sur les cuticules. Il est autonivelant et permet d&#8217;obtenir une forme d&#8217;ongle parfaite avec une surface tr\u00e8s lisse. Il peut \u00eatre utilis\u00e9 de deux mani\u00e8res : en couche fine ou comme base de construction.  <\/p>\n<p>SHIELD\u2122 Ceramic Base ne contient pas de HEMA, il est donc moins susceptible de provoquer des d\u00e9mangeaisons et des rougeurs de la peau que les vernis \u00e0 ongles contenant HEMA.<\/p>\n<p>SHIELD\u2122 Ceramic Base polym\u00e9rise dans des lampes LED, UV\/LED et UV.<\/p>\n<p>&nbsp;<\/p>\n<p><strong>UTILISER<\/strong><\/p>\n<p>SHIELD\u2122 Ceramic Base ne peut \u00eatre utilis\u00e9 que comme base de construction.<\/p>\n<p><strong>Application<\/strong>: pr\u00e9parez la surface de l&#8217;ongle et appliquez une fine couche de SHIELD\u2122 Ceramic Base. Polym\u00e9risez pendant 60 secondes sous lampe LED ou UV\/LED, ou pendant 120 secondes sous lampe UV. Proc\u00e9dez \u00e0 l&#8217;application d&#8217;une couche plus \u00e9paisse pour cr\u00e9er un apex de l&#8217;ongle. Polym\u00e9risez sous une lampe.    Terminez en appliquant le Top Coat SHIELD\u2122 de votre choix.<\/p>\n<p><strong>Conseil<\/strong>: si vous savez d\u00e9j\u00e0 que vous allez changer de couleur pour la prochaine application, appliquez une fine couche de SHIELD\u2122 Rubber Base avant d&#8217;appliquer SHIELD\u2122 Ceramic Base et de polym\u00e9riser \u00e0 la lampe. Vous pourrez ainsi changer de couleur sans retirer compl\u00e8tement le produit de l&#8217;ongle naturel. <\/p>\n<p><strong>\u00c9limination<\/strong>: limez jusqu&#8217;\u00e0 l&#8217;\u00e9limination compl\u00e8te. Vous pouvez \u00e9galement limer la plus grande partie du mat\u00e9riau, puis l&#8217;enlever avec un produit \u00e0 base d&#8217;ac\u00e9tone Remover, tel que Red Lizard, jusqu&#8217;\u00e0 ce qu&#8217;il soit compl\u00e8tement \u00e9limin\u00e9. <\/p>\n","protected":false},"excerpt":{"rendered":"<p>Base dure et durable pour les petites extensions d&#8217;ongles et pour r\u00e9parer et pr\u00e9venir les dommages tels que les fissures. Dur\u00e9e de vie garantie d&#8217;au moins 28 jours. Base et couleur en un seul produit.  <\/p>\n<p>Classic Nude #916<\/p>\n","protected":false},"featured_media":5120,"template":"","meta":{"_acf_changed":false,"_seopress_robots_primary_cat":"","_seopress_titles_title":"","_seopress_titles_desc":"","_seopress_robots_index":"","_seopress_analysis_target_kw":""},"product_brand":[],"product_cat":[106],"product_tag":[],"class_list":{"0":"post-6348","1":"product","2":"type-product","3":"status-publish","4":"has-post-thumbnail","6":"product_cat-shield-base-fr","8":"first","9":"instock","10":"taxable","11":"shipping-taxable","12":"product-type-simple"},"acf":[],"jetpack_sharing_enabled":true,"_links":{"self":[{"href":"https:\/\/pro.beautyproject.ch\/fr\/wp-json\/wp\/v2\/product\/6348","targetHints":{"allow":["GET"]}}],"collection":[{"href":"https:\/\/pro.beautyproject.ch\/fr\/wp-json\/wp\/v2\/product"}],"about":[{"href":"https:\/\/pro.beautyproject.ch\/fr\/wp-json\/wp\/v2\/types\/product"}],"wp:featuredmedia":[{"embeddable":true,"href":"https:\/\/pro.beautyproject.ch\/fr\/wp-json\/wp\/v2\/media\/5120"}],"wp:attachment":[{"href":"https:\/\/pro.beautyproject.ch\/fr\/wp-json\/wp\/v2\/media?parent=6348"}],"wp:term":[{"taxonomy":"product_brand","embeddable":true,"href":"https:\/\/pro.beautyproject.ch\/fr\/wp-json\/wp\/v2\/product_brand?post=6348"},{"taxonomy":"product_cat","embeddable":true,"href":"https:\/\/pro.beautyproject.ch\/fr\/wp-json\/wp\/v2\/product_cat?post=6348"},{"taxonomy":"product_tag","embeddable":true,"href":"https:\/\/pro.beautyproject.ch\/fr\/wp-json\/wp\/v2\/product_tag?post=6348"}],"curies":[{"name":"wp","href":"https:\/\/api.w.org\/{rel}","templated":true}]}}