{"id":6578,"date":"2025-02-21T08:44:30","date_gmt":"2025-02-21T07:44:30","guid":{"rendered":"https:\/\/pro.beautyproject.ch\/prodotto\/kinetics-gel-dissolvant-lezard-rouge-avec-parfum-aloe-vera-960-ml\/"},"modified":"2025-03-03T11:49:31","modified_gmt":"2025-03-03T10:49:31","slug":"kinetics-gel-dissolvant-lezard-rouge-avec-parfum-aloe-vera-960-ml","status":"publish","type":"product","link":"https:\/\/pro.beautyproject.ch\/fr\/produit\/kinetics-gel-dissolvant-lezard-rouge-avec-parfum-aloe-vera-960-ml\/","title":{"rendered":"Kinetics Gel Polish Remover Red Lizard with Aloe Vera scent 960 ml"},"content":{"rendered":"<p>Dissolvant professionnel pour vernis \u00e0 ongles semi-permanent au parfum frais d&#8217;aloe vera, adapt\u00e9 au retrait du vernis \u00e0 ongles en 10-15 minutes. Formule intense pour une action rapide, ne laisse aucun r\u00e9sidu sur la peau. <\/p>\n","protected":false},"excerpt":{"rendered":"<p>Solvant pour l&#8217;\u00e9limination des couleurs semi-permanentes Shield.<\/p>\n","protected":false},"featured_media":5228,"template":"","meta":{"_acf_changed":false,"_seopress_robots_primary_cat":"","_seopress_titles_title":"","_seopress_titles_desc":"","_seopress_robots_index":"","_seopress_analysis_target_kw":""},"product_brand":[],"product_cat":[102],"product_tag":[],"class_list":{"0":"post-6578","1":"product","2":"type-product","3":"status-publish","4":"has-post-thumbnail","6":"product_cat-removers-fr","8":"first","9":"instock","10":"taxable","11":"shipping-taxable","12":"product-type-simple"},"acf":[],"jetpack_sharing_enabled":true,"_links":{"self":[{"href":"https:\/\/pro.beautyproject.ch\/fr\/wp-json\/wp\/v2\/product\/6578","targetHints":{"allow":["GET"]}}],"collection":[{"href":"https:\/\/pro.beautyproject.ch\/fr\/wp-json\/wp\/v2\/product"}],"about":[{"href":"https:\/\/pro.beautyproject.ch\/fr\/wp-json\/wp\/v2\/types\/product"}],"wp:featuredmedia":[{"embeddable":true,"href":"https:\/\/pro.beautyproject.ch\/fr\/wp-json\/wp\/v2\/media\/5228"}],"wp:attachment":[{"href":"https:\/\/pro.beautyproject.ch\/fr\/wp-json\/wp\/v2\/media?parent=6578"}],"wp:term":[{"taxonomy":"product_brand","embeddable":true,"href":"https:\/\/pro.beautyproject.ch\/fr\/wp-json\/wp\/v2\/product_brand?post=6578"},{"taxonomy":"product_cat","embeddable":true,"href":"https:\/\/pro.beautyproject.ch\/fr\/wp-json\/wp\/v2\/product_cat?post=6578"},{"taxonomy":"product_tag","embeddable":true,"href":"https:\/\/pro.beautyproject.ch\/fr\/wp-json\/wp\/v2\/product_tag?post=6578"}],"curies":[{"name":"wp","href":"https:\/\/api.w.org\/{rel}","templated":true}]}}