{"id":6583,"date":"2024-10-21T08:44:29","date_gmt":"2024-10-21T06:44:29","guid":{"rendered":"https:\/\/pro.beautyproject.ch\/prodotto\/gel-acrylique-liquide-kinetics\/"},"modified":"2025-08-20T12:50:24","modified_gmt":"2025-08-20T10:50:24","slug":"gel-acrylique-liquide-kinetics","status":"publish","type":"product","link":"https:\/\/pro.beautyproject.ch\/fr\/produit\/gel-acrylique-liquide-kinetics\/","title":{"rendered":"Acrylique cin\u00e9tique Gel Liquid"},"content":{"rendered":"<p>M\u00e9lange de solvants \u00e9quilibr\u00e9s pour un modelage optimal du gel acrylique. Il s&#8217;\u00e9vapore lentement, ce qui permet de sculpter les extensions en gel acrylique sans se presser et d&#8217;obtenir une forme parfaite. <\/p>\n<p>&nbsp;<\/p>\n<p><strong>AVANTAGES<\/strong>:<\/p>\n<p>&#8211; N\u00e9cessaire pour sculpter la couleur de l&#8217;acrylique gel<br \/>\n &#8211; Ne colle pas au pinceau ou au produit<br \/>\n&#8211; S&#8217;utilise pour nettoyer les pinceaux et les outils<\/p>\n","protected":false},"excerpt":{"rendered":"<p>Liquide activateur pour le gel acrylique.<\/p>\n","protected":false},"featured_media":5255,"template":"","meta":{"_acf_changed":false,"_seopress_robots_primary_cat":"","_seopress_titles_title":"","_seopress_titles_desc":"","_seopress_robots_index":"","_seopress_analysis_target_kw":""},"product_brand":[],"product_cat":[79],"product_tag":[],"class_list":{"0":"post-6583","1":"product","2":"type-product","3":"status-publish","4":"has-post-thumbnail","6":"product_cat-acrylic-gel-fr","8":"first","9":"outofstock","10":"taxable","11":"shipping-taxable","12":"product-type-simple"},"acf":[],"jetpack_sharing_enabled":true,"_links":{"self":[{"href":"https:\/\/pro.beautyproject.ch\/fr\/wp-json\/wp\/v2\/product\/6583","targetHints":{"allow":["GET"]}}],"collection":[{"href":"https:\/\/pro.beautyproject.ch\/fr\/wp-json\/wp\/v2\/product"}],"about":[{"href":"https:\/\/pro.beautyproject.ch\/fr\/wp-json\/wp\/v2\/types\/product"}],"wp:featuredmedia":[{"embeddable":true,"href":"https:\/\/pro.beautyproject.ch\/fr\/wp-json\/wp\/v2\/media\/5255"}],"wp:attachment":[{"href":"https:\/\/pro.beautyproject.ch\/fr\/wp-json\/wp\/v2\/media?parent=6583"}],"wp:term":[{"taxonomy":"product_brand","embeddable":true,"href":"https:\/\/pro.beautyproject.ch\/fr\/wp-json\/wp\/v2\/product_brand?post=6583"},{"taxonomy":"product_cat","embeddable":true,"href":"https:\/\/pro.beautyproject.ch\/fr\/wp-json\/wp\/v2\/product_cat?post=6583"},{"taxonomy":"product_tag","embeddable":true,"href":"https:\/\/pro.beautyproject.ch\/fr\/wp-json\/wp\/v2\/product_tag?post=6583"}],"curies":[{"name":"wp","href":"https:\/\/api.w.org\/{rel}","templated":true}]}}