{"id":6586,"date":"2024-10-21T08:44:29","date_gmt":"2024-10-21T06:44:29","guid":{"rendered":"https:\/\/pro.beautyproject.ch\/prodotto\/kinetics-acrylic-gel-builder-pink-en-tube-30ml\/"},"modified":"2025-08-20T12:50:21","modified_gmt":"2025-08-20T10:50:21","slug":"kinetics-acrylic-gel-builder-pink-en-tube-30ml","status":"publish","type":"product","link":"https:\/\/pro.beautyproject.ch\/fr\/produit\/kinetics-acrylic-gel-builder-pink-en-tube-30ml\/","title":{"rendered":"Gel acrylique Kinetics Builder Pink in tube 30ml"},"content":{"rendered":"<p>Couleur : rose vif opaque<\/p>\n<p>Facile &#8211; temps de sculpture illimit\u00e9, pas de gouttes, application rapide.<\/p>\n<p>Durable &#8211; aussi durable que les acryliques avec une adh\u00e9rence sup\u00e9rieure jusqu&#8217;\u00e0 3 semaines.<\/p>\n<p>S\u00fbr &#8211; pas d&#8217;odeur, pas d&#8217;irritation, moins de poussi\u00e8re que n&#8217;importe quel syst\u00e8me acrylique ou gel.<\/p>\n<p><strong>R\u00c9SISTANT COMME L&#8217;ACRYLIQUE<\/strong><br \/>\nBien qu&#8217;il ne soit pas n\u00e9cessaire d&#8217;utiliser le monom\u00e8re et qu&#8217;il n&#8217;ait pas l&#8217;odeur caract\u00e9ristique de l&#8217;acrylique, le syst\u00e8me reste aussi r\u00e9sistant qu&#8217;un produit acrylique normal.<\/p>\n<p><strong>FLEXIBLE COMME DU GEL<\/strong><br \/>\nM\u00eame s&#8217;il ne goutte pas comme un gel, le syst\u00e8me reste aussi flexible qu&#8217;un produit normal \u00e0 gel.<\/p>\n<p>FACILE \u00c0 <strong>TRAVAILLER<\/strong><br \/>\nLe mat\u00e9riau est tr\u00e8s facile \u00e0 contr\u00f4ler, ne polym\u00e9rise pas avant d&#8217;\u00eatre plac\u00e9 dans la lampe et ne glisse pas.<\/p>\n<p><strong>Utilisation :<\/strong> Il peut \u00eatre appliqu\u00e9 directement sur l&#8217;ongle naturel pour la r\u00e9alisation de la manucure fran\u00e7aise (overlay).<\/p>\n<p>Les pointes peuvent \u00eatre utilis\u00e9es pour effectuer la reconstruction en les recouvrant simplement, ou les formes de clous pour la m\u00e9thode sculpturale. Excellent pour la technique French Reverse. <\/p>\n<p>A besoin d&#8217;un promoteur (Primer ou Bonder) : <strong>Oui<\/strong><br \/>\nN\u00e9cessite un gel de base : <strong>Oui<\/strong><br \/>\nN\u00e9cessite gel Gloss : <strong>Oui<\/strong><br \/>\nAuto-modelant : <strong>Non<\/strong><br \/>\nDensit\u00e9 (fluide-faible-moyenne-\u00e9lev\u00e9e) : <strong>Tr\u00e8s \u00e9lev\u00e9e<\/strong><br \/>\nTemps de polym\u00e9risation de la lampe UV\/led: <strong>2 min\/1 min<\/strong><\/p>\n","protected":false},"excerpt":{"rendered":"<p>Le gel acrylique est un mat\u00e9riau de nouvelle g\u00e9n\u00e9ration qui combine les meilleures propri\u00e9t\u00e9s des acryliques et de gel.<\/p>\n","protected":false},"featured_media":5207,"template":"","meta":{"_acf_changed":false,"_seopress_robots_primary_cat":"none","_seopress_titles_title":"","_seopress_titles_desc":"","_seopress_robots_index":"","_seopress_analysis_target_kw":""},"product_brand":[],"product_cat":[79],"product_tag":[],"class_list":{"0":"post-6586","1":"product","2":"type-product","3":"status-publish","4":"has-post-thumbnail","6":"product_cat-acrylic-gel-fr","8":"first","9":"outofstock","10":"taxable","11":"shipping-taxable","12":"product-type-simple"},"acf":[],"jetpack_sharing_enabled":true,"_links":{"self":[{"href":"https:\/\/pro.beautyproject.ch\/fr\/wp-json\/wp\/v2\/product\/6586","targetHints":{"allow":["GET"]}}],"collection":[{"href":"https:\/\/pro.beautyproject.ch\/fr\/wp-json\/wp\/v2\/product"}],"about":[{"href":"https:\/\/pro.beautyproject.ch\/fr\/wp-json\/wp\/v2\/types\/product"}],"wp:featuredmedia":[{"embeddable":true,"href":"https:\/\/pro.beautyproject.ch\/fr\/wp-json\/wp\/v2\/media\/5207"}],"wp:attachment":[{"href":"https:\/\/pro.beautyproject.ch\/fr\/wp-json\/wp\/v2\/media?parent=6586"}],"wp:term":[{"taxonomy":"product_brand","embeddable":true,"href":"https:\/\/pro.beautyproject.ch\/fr\/wp-json\/wp\/v2\/product_brand?post=6586"},{"taxonomy":"product_cat","embeddable":true,"href":"https:\/\/pro.beautyproject.ch\/fr\/wp-json\/wp\/v2\/product_cat?post=6586"},{"taxonomy":"product_tag","embeddable":true,"href":"https:\/\/pro.beautyproject.ch\/fr\/wp-json\/wp\/v2\/product_tag?post=6586"}],"curies":[{"name":"wp","href":"https:\/\/api.w.org\/{rel}","templated":true}]}}