{"id":6602,"date":"2024-02-21T08:44:27","date_gmt":"2024-02-21T07:44:27","guid":{"rendered":"https:\/\/pro.beautyproject.ch\/prodotto\/deshydrateur-kinetics-14-ml\/"},"modified":"2025-03-03T10:43:34","modified_gmt":"2025-03-03T09:43:34","slug":"deshydrateur-kinetics-14-ml","status":"publish","type":"product","link":"https:\/\/pro.beautyproject.ch\/fr\/produit\/deshydrateur-kinetics-14-ml\/","title":{"rendered":"Cin\u00e9tique Dehydrator 14 ml"},"content":{"rendered":"<p>D\u00e9shydrateur de surface de l&#8217;ongle qui s\u00e8che \u00e0 l&#8217;air et \u00e9limine les r\u00e9sidus huileux du lit de l&#8217;ongle, tout en r\u00e9duisant les niveaux pathog\u00e8nes.<br \/>\nL&#8217;application du d\u00e9shydrateur sur l&#8217;ongle naturel assure une meilleure adh\u00e9rence de l&#8217;acrylique ou de gel.<\/p>\n<p> MODE D&#8217;<strong>EMPLOI<\/strong><\/p>\n<p>Appliquez une petite quantit\u00e9 pour \u00e9liminer l&#8217;humidit\u00e9 et les huiles de l&#8217;ongle naturel.<\/p>\n","protected":false},"excerpt":{"rendered":"<p>D\u00e9shydratant pour ongles<\/p>\n<p>14 mL<\/p>\n","protected":false},"featured_media":5270,"template":"","meta":{"_acf_changed":false,"_seopress_robots_primary_cat":"","_seopress_titles_title":"","_seopress_titles_desc":"","_seopress_robots_index":"","_seopress_analysis_target_kw":""},"product_brand":[],"product_cat":[74],"product_tag":[],"class_list":{"0":"post-6602","1":"product","2":"type-product","3":"status-publish","4":"has-post-thumbnail","6":"product_cat-bonder-dehydrator-fr","8":"first","9":"instock","10":"taxable","11":"shipping-taxable","12":"product-type-simple"},"acf":[],"jetpack_sharing_enabled":true,"_links":{"self":[{"href":"https:\/\/pro.beautyproject.ch\/fr\/wp-json\/wp\/v2\/product\/6602","targetHints":{"allow":["GET"]}}],"collection":[{"href":"https:\/\/pro.beautyproject.ch\/fr\/wp-json\/wp\/v2\/product"}],"about":[{"href":"https:\/\/pro.beautyproject.ch\/fr\/wp-json\/wp\/v2\/types\/product"}],"wp:featuredmedia":[{"embeddable":true,"href":"https:\/\/pro.beautyproject.ch\/fr\/wp-json\/wp\/v2\/media\/5270"}],"wp:attachment":[{"href":"https:\/\/pro.beautyproject.ch\/fr\/wp-json\/wp\/v2\/media?parent=6602"}],"wp:term":[{"taxonomy":"product_brand","embeddable":true,"href":"https:\/\/pro.beautyproject.ch\/fr\/wp-json\/wp\/v2\/product_brand?post=6602"},{"taxonomy":"product_cat","embeddable":true,"href":"https:\/\/pro.beautyproject.ch\/fr\/wp-json\/wp\/v2\/product_cat?post=6602"},{"taxonomy":"product_tag","embeddable":true,"href":"https:\/\/pro.beautyproject.ch\/fr\/wp-json\/wp\/v2\/product_tag?post=6602"}],"curies":[{"name":"wp","href":"https:\/\/api.w.org\/{rel}","templated":true}]}}