{"id":6608,"date":"2024-10-21T08:44:27","date_gmt":"2024-10-21T06:44:27","guid":{"rendered":"https:\/\/pro.beautyproject.ch\/prodotto\/kinetics-bonder-14ml\/"},"modified":"2025-03-03T10:43:36","modified_gmt":"2025-03-03T09:43:36","slug":"kinetics-bonder-14ml","status":"publish","type":"product","link":"https:\/\/pro.beautyproject.ch\/fr\/produit\/kinetics-bonder-14ml\/","title":{"rendered":"Kinetics Bonder 14ml"},"content":{"rendered":"<div id=\"product-description-short-4911\" class=\"rte-content product-description\">\n<p>Formule Acid Free, douce pour les ongles. Prolonge la dur\u00e9e de vie. S\u00e8che \u00e0 l&#8217;air.  <\/p>\n<p><strong>UTILISER<\/strong><\/p>\n<p>1. Pr\u00e9parez l&#8217;ongle et appliquez le d\u00e9shydrateur.<\/p>\n<p>2. Si vous choisissez d&#8217;utiliser Bonder, appliquez-le sur toute la surface de l&#8217;ongle sans toucher la peau.<\/p>\n<p>3. Si vous choisissez d&#8217;utiliser Primer, appliquez-le sur le bord libre de l&#8217;ongle sans toucher la peau.<\/p>\n<p>4. Attendez 30 secondes pour que le produit s\u00e8che \u00e0 l&#8217;air libre.<\/p>\n<p>5. La polym\u00e9risation n&#8217;est pas n\u00e9cessaire. Proc\u00e9dez \u00e0 l&#8217;application du rev\u00eatement choisi. <\/p>\n<\/div>\n","protected":false},"excerpt":{"rendered":"<p>Bonder promoteur d&#8217;adh\u00e9rence pour semi-permanent, gel ou Acrylic Gel.<\/p>\n<p>14 mL<\/p>\n","protected":false},"featured_media":5060,"template":"","meta":{"_acf_changed":false,"_seopress_robots_primary_cat":"","_seopress_titles_title":"","_seopress_titles_desc":"","_seopress_robots_index":"","_seopress_analysis_target_kw":""},"product_brand":[],"product_cat":[74],"product_tag":[],"class_list":{"0":"post-6608","1":"product","2":"type-product","3":"status-publish","4":"has-post-thumbnail","6":"product_cat-bonder-dehydrator-fr","8":"first","9":"instock","10":"taxable","11":"shipping-taxable","12":"product-type-simple"},"acf":[],"jetpack_sharing_enabled":true,"_links":{"self":[{"href":"https:\/\/pro.beautyproject.ch\/fr\/wp-json\/wp\/v2\/product\/6608","targetHints":{"allow":["GET"]}}],"collection":[{"href":"https:\/\/pro.beautyproject.ch\/fr\/wp-json\/wp\/v2\/product"}],"about":[{"href":"https:\/\/pro.beautyproject.ch\/fr\/wp-json\/wp\/v2\/types\/product"}],"wp:featuredmedia":[{"embeddable":true,"href":"https:\/\/pro.beautyproject.ch\/fr\/wp-json\/wp\/v2\/media\/5060"}],"wp:attachment":[{"href":"https:\/\/pro.beautyproject.ch\/fr\/wp-json\/wp\/v2\/media?parent=6608"}],"wp:term":[{"taxonomy":"product_brand","embeddable":true,"href":"https:\/\/pro.beautyproject.ch\/fr\/wp-json\/wp\/v2\/product_brand?post=6608"},{"taxonomy":"product_cat","embeddable":true,"href":"https:\/\/pro.beautyproject.ch\/fr\/wp-json\/wp\/v2\/product_cat?post=6608"},{"taxonomy":"product_tag","embeddable":true,"href":"https:\/\/pro.beautyproject.ch\/fr\/wp-json\/wp\/v2\/product_tag?post=6608"}],"curies":[{"name":"wp","href":"https:\/\/api.w.org\/{rel}","templated":true}]}}