{"id":6632,"date":"2024-10-21T08:44:24","date_gmt":"2024-10-21T06:44:24","guid":{"rendered":"https:\/\/pro.beautyproject.ch\/prodotto\/kinetics-gel-in-bottle-milky-white-906\/"},"modified":"2025-03-03T10:43:55","modified_gmt":"2025-03-03T09:43:55","slug":"kinetics-gel-in-bottle-milky-white-906","status":"publish","type":"product","link":"https:\/\/pro.beautyproject.ch\/fr\/produit\/kinetics-gel-in-bottle-milky-white-906\/","title":{"rendered":"Kinetics Gel in Bottle Milky White #906"},"content":{"rendered":"<p>Couleur : blanc laiteux.<\/p>\n<p>Dur comme un gel, simple comme un semi-permanent. Gel in Bottle cr\u00e9e une couverture dure qui prot\u00e8ge les ongles naturels de la cassure. L&#8217;application est aussi simple qu&#8217;un semi-permanent et ne prend que 20 minutes. Le flacon sp\u00e9cial \u00e0 col large facilite l&#8217;utilisation.   <\/p>\n<p><strong>INFO PRODUIT<\/strong><\/p>\n<p>Gel in Bottle est un service moderne pour les professionnels de la semi-permanence. Il s&#8217;agit d&#8217;un produit l\u00e9ger gel id\u00e9al pour les superpositions fortes, courtes et moyennes, les probl\u00e8mes d&#8217;onychophagie, les ongles fins ou probl\u00e9matiques. Gel in Bottle se polym\u00e9rise sous lumi\u00e8re UV\/LED.  <\/p>\n<p><strong>Pourquoi utiliser le gel en bouteille ?<\/strong><\/p>\n<p>Pour une meilleure tenue : une couverture forte, sans \u00e9caillage ni cassure, durera plus longtemps.<br \/>\nPour les ongles fins : fixe le bord libre et prot\u00e8ge contre la cassure.<br \/>\nPour les ongles rong\u00e9s : une couverture dure prot\u00e8ge contre la cassure et emp\u00eache le rongement.<br \/>\nPour les ongles avec des bosses : la formule plus dure les sculpte et les maintient beaux.<\/p>\n<p><b>INDICATIONS D&#8217;UTILISATION<\/b><\/p>\n<p>Pr\u00e9parez l&#8217;ongle, appliquez Dehydrator et Bonder.<\/p>\n<p>Appliquez une fine couche de Shield\u2122 Rubber Base polym\u00e9riser pendant 30 secondes. Appliquez une fine couche de Gel in Bottle sans polym\u00e9riser (cr\u00e9ez une base humide). Appliquez une couche de Builder et polym\u00e9risez ongle par ongle pendant 30 secondes. Ensuite, polym\u00e9risez les deux couches pendant 60 secondes. Enlevez la couche collante avec DI-TAC CLEANSER. Terminez avec Shield\u2122 Top \u00e9ventuellement, polym\u00e9risez pendant 60 secondes.     <\/p>\n","protected":false},"excerpt":{"rendered":"<p>Gel en bouteille pour renforcer les ongles naturels.<\/p>\n","protected":false},"featured_media":4832,"template":"","meta":{"_acf_changed":false,"_seopress_robots_primary_cat":"","_seopress_titles_title":"","_seopress_titles_desc":"","_seopress_robots_index":"","_seopress_analysis_target_kw":""},"product_brand":[],"product_cat":[86],"product_tag":[],"class_list":{"0":"post-6632","1":"product","2":"type-product","3":"status-publish","4":"has-post-thumbnail","6":"product_cat-gel-fr","8":"first","9":"instock","10":"taxable","11":"shipping-taxable","12":"product-type-simple"},"acf":[],"jetpack_sharing_enabled":true,"_links":{"self":[{"href":"https:\/\/pro.beautyproject.ch\/fr\/wp-json\/wp\/v2\/product\/6632","targetHints":{"allow":["GET"]}}],"collection":[{"href":"https:\/\/pro.beautyproject.ch\/fr\/wp-json\/wp\/v2\/product"}],"about":[{"href":"https:\/\/pro.beautyproject.ch\/fr\/wp-json\/wp\/v2\/types\/product"}],"wp:featuredmedia":[{"embeddable":true,"href":"https:\/\/pro.beautyproject.ch\/fr\/wp-json\/wp\/v2\/media\/4832"}],"wp:attachment":[{"href":"https:\/\/pro.beautyproject.ch\/fr\/wp-json\/wp\/v2\/media?parent=6632"}],"wp:term":[{"taxonomy":"product_brand","embeddable":true,"href":"https:\/\/pro.beautyproject.ch\/fr\/wp-json\/wp\/v2\/product_brand?post=6632"},{"taxonomy":"product_cat","embeddable":true,"href":"https:\/\/pro.beautyproject.ch\/fr\/wp-json\/wp\/v2\/product_cat?post=6632"},{"taxonomy":"product_tag","embeddable":true,"href":"https:\/\/pro.beautyproject.ch\/fr\/wp-json\/wp\/v2\/product_tag?post=6632"}],"curies":[{"name":"wp","href":"https:\/\/api.w.org\/{rel}","templated":true}]}}