{"id":6654,"date":"2024-10-21T08:44:23","date_gmt":"2024-10-21T06:44:23","guid":{"rendered":"https:\/\/pro.beautyproject.ch\/prodotto\/kinetics-classic-gel-medium-900-clear-50ml\/"},"modified":"2025-03-03T10:44:09","modified_gmt":"2025-03-03T09:44:09","slug":"kinetics-classic-gel-medium-900-clear-50ml","status":"publish","type":"product","link":"https:\/\/pro.beautyproject.ch\/fr\/produit\/kinetics-classic-gel-medium-900-clear-50ml\/","title":{"rendered":"Kinetics Classic Gel Medium #900 Clear 50ml"},"content":{"rendered":"<p>Couleur : transparent<\/p>\n<p><strong>Auto-nivelant<\/strong>: n\u00e9cessitant un limage minimal, il garantit une sculpture impeccable et est id\u00e9al pour les superpositions sur ongles naturels et pour les extensions de longueur moyenne.<\/p>\n<p><strong>Utilisation<\/strong>: Consistance classique du fabricant gel. Durcissement 120\/240 secondes dans une lampe LED\/UV. <\/p>\n<p>Produit id\u00e9al pour les d\u00e9butants, les salons de coiffure et les professionnels confirm\u00e9s.<\/p>\n","protected":false},"excerpt":{"rendered":"<p>Gel triphas\u00e9 autonivelant pour la cr\u00e9ation de superpositions et d&#8217;allongements moyens.<\/p>\n<p>50g<\/p>\n","protected":false},"featured_media":4808,"template":"","meta":{"_acf_changed":false,"_seopress_robots_primary_cat":"","_seopress_titles_title":"","_seopress_titles_desc":"","_seopress_robots_index":"","_seopress_analysis_target_kw":""},"product_brand":[],"product_cat":[86],"product_tag":[],"class_list":{"0":"post-6654","1":"product","2":"type-product","3":"status-publish","4":"has-post-thumbnail","6":"product_cat-gel-fr","8":"first","9":"instock","10":"taxable","11":"shipping-taxable","12":"product-type-simple"},"acf":[],"jetpack_sharing_enabled":true,"_links":{"self":[{"href":"https:\/\/pro.beautyproject.ch\/fr\/wp-json\/wp\/v2\/product\/6654","targetHints":{"allow":["GET"]}}],"collection":[{"href":"https:\/\/pro.beautyproject.ch\/fr\/wp-json\/wp\/v2\/product"}],"about":[{"href":"https:\/\/pro.beautyproject.ch\/fr\/wp-json\/wp\/v2\/types\/product"}],"wp:featuredmedia":[{"embeddable":true,"href":"https:\/\/pro.beautyproject.ch\/fr\/wp-json\/wp\/v2\/media\/4808"}],"wp:attachment":[{"href":"https:\/\/pro.beautyproject.ch\/fr\/wp-json\/wp\/v2\/media?parent=6654"}],"wp:term":[{"taxonomy":"product_brand","embeddable":true,"href":"https:\/\/pro.beautyproject.ch\/fr\/wp-json\/wp\/v2\/product_brand?post=6654"},{"taxonomy":"product_cat","embeddable":true,"href":"https:\/\/pro.beautyproject.ch\/fr\/wp-json\/wp\/v2\/product_cat?post=6654"},{"taxonomy":"product_tag","embeddable":true,"href":"https:\/\/pro.beautyproject.ch\/fr\/wp-json\/wp\/v2\/product_tag?post=6654"}],"curies":[{"name":"wp","href":"https:\/\/api.w.org\/{rel}","templated":true}]}}