{"id":6657,"date":"2024-10-21T08:44:22","date_gmt":"2024-10-21T06:44:22","guid":{"rendered":"https:\/\/pro.beautyproject.ch\/prodotto\/kinetics-pedicure-spa-pro-heel-cream-250ml\/"},"modified":"2025-03-03T11:49:37","modified_gmt":"2025-03-03T10:49:37","slug":"kinetics-pedicure-spa-pro-heel-cream-250ml","status":"publish","type":"product","link":"https:\/\/pro.beautyproject.ch\/fr\/produit\/kinetics-pedicure-spa-pro-heel-cream-250ml\/","title":{"rendered":"Kinetics Pedicure SPA Pro Heel Cream 250ml"},"content":{"rendered":"<p class=\"p1\">Traitement pour les talons crevass\u00e9s. L&#8217;extrait d&#8217;ur\u00e9e et le caviar de citron vert traitent les petites fissures, tandis que le beurre de karit\u00e9 scelle l&#8217;hydratation de la peau. Non gras.  <\/p>\n<p>ACTIONS<\/p>\n<p>&#8211; Id\u00e9al pour un massage doux des pieds ;<br \/>\n&#8211; L&#8217;hydroxy\u00e9thylur\u00e9e rend la peau douce ;<br \/>\n&#8211; Le caviar de citron vert aide \u00e0 r\u00e9duire l&#8217;apparence des tiraillements de la peau ;<br \/>\n&#8211; Le beurre de karit\u00e9 adoucit et nourrit la peau s\u00e8che des pieds ;<br \/>\n&#8211; Un emballage au design contemporain qui ajoute du style \u00e0 tout environnement.<br \/>\n&#8211; Parfum : parfum de Grasse avec une base de musc blanc, un c\u0153ur de gingembre et des notes de t\u00eate de fleur d&#8217;oranger.<\/p>\n","protected":false},"excerpt":{"rendered":"<p>Cr\u00e8me nourrissante professionnelle pour les pieds.<\/p>\n<p>250mL<\/p>\n","protected":false},"featured_media":4982,"template":"","meta":{"_acf_changed":false,"_seopress_robots_primary_cat":"","_seopress_titles_title":"","_seopress_titles_desc":"","_seopress_robots_index":"","_seopress_analysis_target_kw":""},"product_brand":[],"product_cat":[101],"product_tag":[],"class_list":{"0":"post-6657","1":"product","2":"type-product","3":"status-publish","4":"has-post-thumbnail","6":"product_cat-pedicure-spa-fr","8":"first","9":"outofstock","10":"taxable","11":"shipping-taxable","12":"product-type-simple"},"acf":[],"jetpack_sharing_enabled":true,"_links":{"self":[{"href":"https:\/\/pro.beautyproject.ch\/fr\/wp-json\/wp\/v2\/product\/6657","targetHints":{"allow":["GET"]}}],"collection":[{"href":"https:\/\/pro.beautyproject.ch\/fr\/wp-json\/wp\/v2\/product"}],"about":[{"href":"https:\/\/pro.beautyproject.ch\/fr\/wp-json\/wp\/v2\/types\/product"}],"wp:featuredmedia":[{"embeddable":true,"href":"https:\/\/pro.beautyproject.ch\/fr\/wp-json\/wp\/v2\/media\/4982"}],"wp:attachment":[{"href":"https:\/\/pro.beautyproject.ch\/fr\/wp-json\/wp\/v2\/media?parent=6657"}],"wp:term":[{"taxonomy":"product_brand","embeddable":true,"href":"https:\/\/pro.beautyproject.ch\/fr\/wp-json\/wp\/v2\/product_brand?post=6657"},{"taxonomy":"product_cat","embeddable":true,"href":"https:\/\/pro.beautyproject.ch\/fr\/wp-json\/wp\/v2\/product_cat?post=6657"},{"taxonomy":"product_tag","embeddable":true,"href":"https:\/\/pro.beautyproject.ch\/fr\/wp-json\/wp\/v2\/product_tag?post=6657"}],"curies":[{"name":"wp","href":"https:\/\/api.w.org\/{rel}","templated":true}]}}