{"id":6659,"date":"2024-10-21T08:44:22","date_gmt":"2024-10-21T06:44:22","guid":{"rendered":"https:\/\/pro.beautyproject.ch\/prodotto\/kinetics-pedicure-spa-pro-light-cream-250ml\/"},"modified":"2025-03-03T11:49:32","modified_gmt":"2025-03-03T10:49:32","slug":"kinetics-pedicure-spa-pro-light-cream-250ml","status":"publish","type":"product","link":"https:\/\/pro.beautyproject.ch\/fr\/produit\/kinetics-pedicure-spa-pro-light-cream-250ml\/","title":{"rendered":"Kinetics Pedicure SPA Pro Light Cream 250ml"},"content":{"rendered":"<p class=\"p1\">Cr\u00e8me \u00e0 usage quotidien, l\u00e9g\u00e8re et enrichie en menthol inodore, qui rafra\u00eechit les jambes et soulage la fatigue, et en beurre de karit\u00e9, qui rend la peau lisse et soyeuse. Elle p\u00e9n\u00e8tre rapidement. <\/p>\n<p><strong>ACTIONS<\/strong><\/p>\n<p>&#8211; Le menthol inodore a un effet rafra\u00eechissant sur la peau fatigu\u00e9e et les jambes gonfl\u00e9es ;<br \/>\n&#8211; Le lactate de menthol est d\u00e9pourvu de l&#8217;odeur sp\u00e9cifique de menthol que certains clients peuvent trouver g\u00eanante ;<br \/>\n&#8211; Le produit ultra-l\u00e9ger texture est absorb\u00e9 instantan\u00e9ment et ne laisse pas de sensation de gras ;<br \/>\n&#8211; Le beurre de karit\u00e9 scelle l&#8217;humidit\u00e9 dans les couches sup\u00e9rieures de la peau et la maintient hydrat\u00e9e, avec une sensation lisse et soyeuse ;<br \/>\n&#8211; Parfum Le parfum de Grasse avec une base de musc blanc, un c\u0153ur de gingembre et des notes de t\u00eate de fleur d&#8217;oranger.<\/p>\n<p><b>UTILISER<\/b><\/p>\n<p>Appliquer une petite quantit\u00e9 sur les pieds et les jambes. Masser pendant deux \u00e0 trois minutes jusqu&#8217;\u00e0 absorption compl\u00e8te. <\/p>\n","protected":false},"excerpt":{"rendered":"<p>Cr\u00e8me hydratante professionnelle pour les pieds.<\/p>\n<p>250mL<\/p>\n","protected":false},"featured_media":4985,"template":"","meta":{"_acf_changed":false,"_seopress_robots_primary_cat":"","_seopress_titles_title":"","_seopress_titles_desc":"","_seopress_robots_index":"","_seopress_analysis_target_kw":""},"product_brand":[],"product_cat":[101],"product_tag":[],"class_list":{"0":"post-6659","1":"product","2":"type-product","3":"status-publish","4":"has-post-thumbnail","6":"product_cat-pedicure-spa-fr","8":"first","9":"outofstock","10":"taxable","11":"shipping-taxable","12":"product-type-simple"},"acf":[],"jetpack_sharing_enabled":true,"_links":{"self":[{"href":"https:\/\/pro.beautyproject.ch\/fr\/wp-json\/wp\/v2\/product\/6659","targetHints":{"allow":["GET"]}}],"collection":[{"href":"https:\/\/pro.beautyproject.ch\/fr\/wp-json\/wp\/v2\/product"}],"about":[{"href":"https:\/\/pro.beautyproject.ch\/fr\/wp-json\/wp\/v2\/types\/product"}],"wp:featuredmedia":[{"embeddable":true,"href":"https:\/\/pro.beautyproject.ch\/fr\/wp-json\/wp\/v2\/media\/4985"}],"wp:attachment":[{"href":"https:\/\/pro.beautyproject.ch\/fr\/wp-json\/wp\/v2\/media?parent=6659"}],"wp:term":[{"taxonomy":"product_brand","embeddable":true,"href":"https:\/\/pro.beautyproject.ch\/fr\/wp-json\/wp\/v2\/product_brand?post=6659"},{"taxonomy":"product_cat","embeddable":true,"href":"https:\/\/pro.beautyproject.ch\/fr\/wp-json\/wp\/v2\/product_cat?post=6659"},{"taxonomy":"product_tag","embeddable":true,"href":"https:\/\/pro.beautyproject.ch\/fr\/wp-json\/wp\/v2\/product_tag?post=6659"}],"curies":[{"name":"wp","href":"https:\/\/api.w.org\/{rel}","templated":true}]}}