{"id":6662,"date":"2024-10-21T08:44:22","date_gmt":"2024-10-21T06:44:22","guid":{"rendered":"https:\/\/pro.beautyproject.ch\/prodotto\/kinetics-pedicure-spa-pro-callus-spray-225ml\/"},"modified":"2025-03-03T10:44:15","modified_gmt":"2025-03-03T09:44:15","slug":"kinetics-pedicure-spa-pro-callus-spray-225ml","status":"publish","type":"product","link":"https:\/\/pro.beautyproject.ch\/fr\/produit\/kinetics-pedicure-spa-pro-callus-spray-225ml\/","title":{"rendered":"Kinetics Pedicure SPA Pro Callus Spray 225ml"},"content":{"rendered":"<p><strong>B\u00c9N\u00c9FICES<\/strong><\/p>\n<p>&#8211; Acide Lactique et gel 20% Ur\u00e9e pour une \u00e9limination efficace des cors et des callosit\u00e9s ;<br \/>\n&#8211; Le format facile du spray permet au produit d&#8217;agir rapidement sur tout le pied et de le recouvrir en quelques secondes ;<br \/>\n&#8211; Compl\u00e9ment pratique \u00e0 utiliser avec Pro Callus Gel ;<br \/>\n&#8211; La combinaison de 20% Ur\u00e9e et 5% Acide Lactique adoucit et \u00e9limine efficacement les zones calleuses ;<br \/>\n&#8211; Ne contient pas d&#8217;alcalins, le produit ne n\u00e9cessite donc pas de rin\u00e7age et n&#8217;est pas irritant, m\u00eame pour les peaux sensibles.<\/p>\n<p><strong>UTILISER<\/strong><\/p>\n<p>Appliquez le produit sur les pieds ou les cuticules. Laissez-le p\u00e9n\u00e9trer pendant 1 \u00e0 2 minutes. Travaillez avec une lime pour nettoyer la peau des pieds ou avec un coupe-cuticules pour enlever les cuticules. Ne pas rincer ; si vous le souhaitez, s\u00e9cher avec une serviette chaude et humide.   <\/p>\n","protected":false},"excerpt":{"rendered":"<p>Spray professionnel pour l&#8217;\u00e9limination des callosit\u00e9s.<\/p>\n<p>225mL<\/p>\n","protected":false},"featured_media":4979,"template":"","meta":{"_acf_changed":false,"_seopress_robots_primary_cat":"","_seopress_titles_title":"","_seopress_titles_desc":"","_seopress_robots_index":"","_seopress_analysis_target_kw":""},"product_brand":[],"product_cat":[101],"product_tag":[],"class_list":{"0":"post-6662","1":"product","2":"type-product","3":"status-publish","4":"has-post-thumbnail","6":"product_cat-pedicure-spa-fr","8":"first","9":"outofstock","10":"taxable","11":"shipping-taxable","12":"product-type-simple"},"acf":[],"jetpack_sharing_enabled":true,"_links":{"self":[{"href":"https:\/\/pro.beautyproject.ch\/fr\/wp-json\/wp\/v2\/product\/6662","targetHints":{"allow":["GET"]}}],"collection":[{"href":"https:\/\/pro.beautyproject.ch\/fr\/wp-json\/wp\/v2\/product"}],"about":[{"href":"https:\/\/pro.beautyproject.ch\/fr\/wp-json\/wp\/v2\/types\/product"}],"wp:featuredmedia":[{"embeddable":true,"href":"https:\/\/pro.beautyproject.ch\/fr\/wp-json\/wp\/v2\/media\/4979"}],"wp:attachment":[{"href":"https:\/\/pro.beautyproject.ch\/fr\/wp-json\/wp\/v2\/media?parent=6662"}],"wp:term":[{"taxonomy":"product_brand","embeddable":true,"href":"https:\/\/pro.beautyproject.ch\/fr\/wp-json\/wp\/v2\/product_brand?post=6662"},{"taxonomy":"product_cat","embeddable":true,"href":"https:\/\/pro.beautyproject.ch\/fr\/wp-json\/wp\/v2\/product_cat?post=6662"},{"taxonomy":"product_tag","embeddable":true,"href":"https:\/\/pro.beautyproject.ch\/fr\/wp-json\/wp\/v2\/product_tag?post=6662"}],"curies":[{"name":"wp","href":"https:\/\/api.w.org\/{rel}","templated":true}]}}