{"id":6665,"date":"2024-10-21T08:44:22","date_gmt":"2024-10-21T06:44:22","guid":{"rendered":"https:\/\/pro.beautyproject.ch\/prodotto\/kinetics-pedicure-spa-pro-cream-peel-250ml\/"},"modified":"2025-03-03T11:49:40","modified_gmt":"2025-03-03T10:49:40","slug":"kinetics-pedicure-spa-pro-cream-peel-250ml","status":"publish","type":"product","link":"https:\/\/pro.beautyproject.ch\/fr\/produit\/kinetics-pedicure-spa-pro-cream-peel-250ml\/","title":{"rendered":"Kinetics Pedicure SPA Pro Cream Peel 250ml"},"content":{"rendered":"<p class=\"p1\">Exfoliant efficace aux effets hydratants gr\u00e2ce \u00e0 la combinaison de particules de lave volcanique et de beurre de karit\u00e9. La consistance cr\u00e9meuse est excellente pour le massage, ne laisse pas de graisse et ne n\u00e9cessite pas de rin\u00e7age. <\/p>\n<p><strong>B\u00c9N\u00c9FICES<\/strong><\/p>\n<p>&#8211; Les particules de lave volcanique finement broy\u00e9es aux bords lisses, associ\u00e9es \u00e0 l&#8217;acide lactique, assurent une exfoliation efficace et douce ;<br \/>\n&#8211; La cr\u00e8me non grasse texture se pr\u00eate au massage, ne colle pas et ne n\u00e9cessite pas de rin\u00e7age ;<br \/>\n&#8211; Le beurre de karit\u00e9 retient l&#8217;humidit\u00e9 dans les couches sup\u00e9rieures de la peau et la maintient hydrat\u00e9e pendant plusieurs heures ;<br \/>\n&#8211; L&#8217;huile d&#8217;argan avec la vitamine E est un antioxydant et un hydratant puissant qui adoucit les zones s\u00e8ches de la peau ;<br \/>\n&#8211; Le parfum de Grasse avec une base de musc blanc, un c\u0153ur de gingembre et des notes de t\u00eate de fleur d&#8217;oranger cr\u00e9e une atmosph\u00e8re luxueuse.<\/p>\n<p><strong>UTILISER<\/strong><\/p>\n<p>Appliquez une petite quantit\u00e9 sur le bas des jambes et les pieds. Massez doucement et exfoliez pendant 2 \u00e0 3 minutes. Ne pas rincer. S\u00e9chez avec une serviette chaude et humide si vous le souhaitez.   <\/p>\n","protected":false},"excerpt":{"rendered":"<p>Peeling professionnel des pieds.<\/p>\n<p>250mL<\/p>\n","protected":false},"featured_media":4973,"template":"","meta":{"_acf_changed":false,"_seopress_robots_primary_cat":"","_seopress_titles_title":"","_seopress_titles_desc":"","_seopress_robots_index":"","_seopress_analysis_target_kw":""},"product_brand":[],"product_cat":[101],"product_tag":[],"class_list":{"0":"post-6665","1":"product","2":"type-product","3":"status-publish","4":"has-post-thumbnail","6":"product_cat-pedicure-spa-fr","8":"first","9":"instock","10":"taxable","11":"shipping-taxable","12":"product-type-simple"},"acf":[],"jetpack_sharing_enabled":true,"_links":{"self":[{"href":"https:\/\/pro.beautyproject.ch\/fr\/wp-json\/wp\/v2\/product\/6665","targetHints":{"allow":["GET"]}}],"collection":[{"href":"https:\/\/pro.beautyproject.ch\/fr\/wp-json\/wp\/v2\/product"}],"about":[{"href":"https:\/\/pro.beautyproject.ch\/fr\/wp-json\/wp\/v2\/types\/product"}],"wp:featuredmedia":[{"embeddable":true,"href":"https:\/\/pro.beautyproject.ch\/fr\/wp-json\/wp\/v2\/media\/4973"}],"wp:attachment":[{"href":"https:\/\/pro.beautyproject.ch\/fr\/wp-json\/wp\/v2\/media?parent=6665"}],"wp:term":[{"taxonomy":"product_brand","embeddable":true,"href":"https:\/\/pro.beautyproject.ch\/fr\/wp-json\/wp\/v2\/product_brand?post=6665"},{"taxonomy":"product_cat","embeddable":true,"href":"https:\/\/pro.beautyproject.ch\/fr\/wp-json\/wp\/v2\/product_cat?post=6665"},{"taxonomy":"product_tag","embeddable":true,"href":"https:\/\/pro.beautyproject.ch\/fr\/wp-json\/wp\/v2\/product_tag?post=6665"}],"curies":[{"name":"wp","href":"https:\/\/api.w.org\/{rel}","templated":true}]}}