{"id":6668,"date":"2024-10-21T08:44:22","date_gmt":"2024-10-21T06:44:22","guid":{"rendered":"https:\/\/pro.beautyproject.ch\/prodotto\/kinetics-pedicure-spa-pro-callus-remover-gel-225ml\/"},"modified":"2025-03-03T10:44:18","modified_gmt":"2025-03-03T09:44:18","slug":"kinetics-pedicure-spa-pro-callus-remover-gel-225ml","status":"publish","type":"product","link":"https:\/\/pro.beautyproject.ch\/fr\/produit\/kinetics-pedicure-spa-pro-callus-remover-gel-225ml\/","title":{"rendered":"Kinetics Pedicure SPA Pro Callus Remover Gel 225ml"},"content":{"rendered":"<p><strong>B\u00c9N\u00c9FICES<\/strong><\/p>\n<p>&#8211; Gel \u00e0 20 % d&#8217;acide lactique et d&#8217;ur\u00e9e pour une \u00e9limination efficace des cors et des callosit\u00e9s ;<br \/>\n&#8211; Formule \u00e0 consistance non goutteuse gel, facile \u00e0 appliquer et \u00e0 travailler sur les zones \u00e0 probl\u00e8mes ;<br \/>\n&#8211; La combinaison de 20 % d&#8217;ur\u00e9e et de 5 % d&#8217;acide lactique adoucit et \u00e9limine efficacement les zones calleuses ;<br \/>\n&#8211; Deux substances hydratantes, l&#8217;Aloe vera et l&#8217;ur\u00e9e, maintiennent la peau hydrat\u00e9e et douce au toucher ;<br \/>\n&#8211; Convient aux diab\u00e9tiques ;<br \/>\n&#8211; Ne contient pas d&#8217;alcalins, de sorte que le produit ne n\u00e9cessite pas de rin\u00e7age et n&#8217;est pas irritant, m\u00eame pour les peaux sensibles.<\/p>\n<p><strong>UTILISER<\/strong><\/p>\n<p>Appliquez une fine couche de produit directement sur les zones probl\u00e9matiques et calleuses et laissez p\u00e9n\u00e9trer pendant 2 \u00e0 3 minutes. Travaillez avec une lime pour nettoyer la peau des pieds. Ne rincez pas ; s\u00e9chez avec une serviette chaude et humide si vous le souhaitez. Combinez avec l&#8217;utilisation du Pro Callus Spray pour hydrater la peau du pied.   <\/p>\n","protected":false},"excerpt":{"rendered":"<p>Gel professionnel pour \u00e9liminer les callosit\u00e9s.<\/p>\n<p>225mL<\/p>\n","protected":false},"featured_media":4976,"template":"","meta":{"_acf_changed":false,"_seopress_robots_primary_cat":"","_seopress_titles_title":"","_seopress_titles_desc":"","_seopress_robots_index":"","_seopress_analysis_target_kw":""},"product_brand":[],"product_cat":[101],"product_tag":[],"class_list":{"0":"post-6668","1":"product","2":"type-product","3":"status-publish","4":"has-post-thumbnail","6":"product_cat-pedicure-spa-fr","8":"first","9":"instock","10":"taxable","11":"shipping-taxable","12":"product-type-simple"},"acf":[],"jetpack_sharing_enabled":true,"_links":{"self":[{"href":"https:\/\/pro.beautyproject.ch\/fr\/wp-json\/wp\/v2\/product\/6668","targetHints":{"allow":["GET"]}}],"collection":[{"href":"https:\/\/pro.beautyproject.ch\/fr\/wp-json\/wp\/v2\/product"}],"about":[{"href":"https:\/\/pro.beautyproject.ch\/fr\/wp-json\/wp\/v2\/types\/product"}],"wp:featuredmedia":[{"embeddable":true,"href":"https:\/\/pro.beautyproject.ch\/fr\/wp-json\/wp\/v2\/media\/4976"}],"wp:attachment":[{"href":"https:\/\/pro.beautyproject.ch\/fr\/wp-json\/wp\/v2\/media?parent=6668"}],"wp:term":[{"taxonomy":"product_brand","embeddable":true,"href":"https:\/\/pro.beautyproject.ch\/fr\/wp-json\/wp\/v2\/product_brand?post=6668"},{"taxonomy":"product_cat","embeddable":true,"href":"https:\/\/pro.beautyproject.ch\/fr\/wp-json\/wp\/v2\/product_cat?post=6668"},{"taxonomy":"product_tag","embeddable":true,"href":"https:\/\/pro.beautyproject.ch\/fr\/wp-json\/wp\/v2\/product_tag?post=6668"}],"curies":[{"name":"wp","href":"https:\/\/api.w.org\/{rel}","templated":true}]}}