{"id":6673,"date":"2024-10-21T08:44:22","date_gmt":"2024-10-21T06:44:22","guid":{"rendered":"https:\/\/pro.beautyproject.ch\/prodotto\/kinetics-manicure-spa-pro-moisturizer-250ml\/"},"modified":"2025-03-03T11:49:46","modified_gmt":"2025-03-03T10:49:46","slug":"kinetics-manicure-spa-pro-moisturizer-250ml","status":"publish","type":"product","link":"https:\/\/pro.beautyproject.ch\/fr\/produit\/kinetics-manicure-spa-pro-moisturizer-250ml\/","title":{"rendered":"Kinetics Manicure SPA Pro Moisturizer 250ml"},"content":{"rendered":"<p class=\"p1\">Cr\u00e8me hydratante pour les mains contenant des principes actifs hautement concentr\u00e9s pour stimuler la production de collag\u00e8ne. Am\u00e9liore l&#8217;\u00e9lasticit\u00e9 de la peau, pr\u00e9vient la formation de rides et donne \u00e0 la peau un aspect plus jeune. \u00c0 base de paptides, de beurre de karit\u00e9 et d&#8217;huile d&#8217;argan.  <\/p>\n","protected":false},"excerpt":{"rendered":"<p>Cr\u00e8me professionnelle nourrissante pour les mains.<\/p>\n<p>250mL<\/p>\n","protected":false},"featured_media":4964,"template":"","meta":{"_acf_changed":false,"_seopress_robots_primary_cat":"","_seopress_titles_title":"","_seopress_titles_desc":"","_seopress_robots_index":"","_seopress_analysis_target_kw":""},"product_brand":[],"product_cat":[93],"product_tag":[],"class_list":{"0":"post-6673","1":"product","2":"type-product","3":"status-publish","4":"has-post-thumbnail","6":"product_cat-manicure-spa-fr","8":"first","9":"instock","10":"taxable","11":"shipping-taxable","12":"product-type-simple"},"acf":[],"jetpack_sharing_enabled":true,"_links":{"self":[{"href":"https:\/\/pro.beautyproject.ch\/fr\/wp-json\/wp\/v2\/product\/6673","targetHints":{"allow":["GET"]}}],"collection":[{"href":"https:\/\/pro.beautyproject.ch\/fr\/wp-json\/wp\/v2\/product"}],"about":[{"href":"https:\/\/pro.beautyproject.ch\/fr\/wp-json\/wp\/v2\/types\/product"}],"wp:featuredmedia":[{"embeddable":true,"href":"https:\/\/pro.beautyproject.ch\/fr\/wp-json\/wp\/v2\/media\/4964"}],"wp:attachment":[{"href":"https:\/\/pro.beautyproject.ch\/fr\/wp-json\/wp\/v2\/media?parent=6673"}],"wp:term":[{"taxonomy":"product_brand","embeddable":true,"href":"https:\/\/pro.beautyproject.ch\/fr\/wp-json\/wp\/v2\/product_brand?post=6673"},{"taxonomy":"product_cat","embeddable":true,"href":"https:\/\/pro.beautyproject.ch\/fr\/wp-json\/wp\/v2\/product_cat?post=6673"},{"taxonomy":"product_tag","embeddable":true,"href":"https:\/\/pro.beautyproject.ch\/fr\/wp-json\/wp\/v2\/product_tag?post=6673"}],"curies":[{"name":"wp","href":"https:\/\/api.w.org\/{rel}","templated":true}]}}