{"id":6691,"date":"2025-02-21T08:44:22","date_gmt":"2025-02-21T07:44:22","guid":{"rendered":"https:\/\/pro.beautyproject.ch\/prodotto\/kinetics-pedicure-light-foot-cream-150ml\/"},"modified":"2025-03-03T11:49:52","modified_gmt":"2025-03-03T10:49:52","slug":"kinetics-pedicure-light-foot-cream-150ml","status":"publish","type":"product","link":"https:\/\/pro.beautyproject.ch\/fr\/produit\/kinetics-pedicure-light-foot-cream-150ml\/","title":{"rendered":"Kinetics Pedicure Light-Foot Cream 150ml"},"content":{"rendered":"<p class=\"p1\">Cr\u00e8me \u00e0 l&#8217;action rafra\u00eechissante, gr\u00e2ce \u00e0 la pr\u00e9sence de caf\u00e9ine et de menthol. Agit contre la sensation de lourdeur. Sa texture soyeuse convient \u00e9galement au massage.  <\/p>\n<p>&#8211; La caf\u00e9ine r\u00e9duit visiblement les pieds gonfl\u00e9s : elle stimule la circulation sanguine et lymphatique et aide \u00e0 \u00e9liminer l&#8217;exc\u00e8s d&#8217;humidit\u00e9 et de graisse des cellules, en lissant la peau et en r\u00e9duisant les jambes gonfl\u00e9es ;<br \/>\n&#8211; Le menthol augmente la circulation sanguine pour une sensation de l\u00e9g\u00e8ret\u00e9 dans les pieds : il am\u00e9liore la microcirculation et procure une sensation de fra\u00eecheur qui r\u00e9duit les gonflements et rend les pieds l\u00e9gers ;<br \/>\n&#8211; Texture soyeuse, non collante, adapt\u00e9e aux massages.<\/p>\n<p>Convient aux diab\u00e9tiques.<\/p>\n","protected":false},"excerpt":{"rendered":"<p>Cr\u00e8me hydratante et rafra\u00eechissante pour les pieds.<\/p>\n<p>150mL<\/p>\n","protected":false},"featured_media":4946,"template":"","meta":{"_acf_changed":false,"_seopress_robots_primary_cat":"","_seopress_titles_title":"","_seopress_titles_desc":"","_seopress_robots_index":"","_seopress_analysis_target_kw":""},"product_brand":[],"product_cat":[115],"product_tag":[],"class_list":{"0":"post-6691","1":"product","2":"type-product","3":"status-publish","4":"has-post-thumbnail","6":"product_cat-skin-care-fr","8":"first","9":"instock","10":"taxable","11":"shipping-taxable","12":"product-type-simple"},"acf":[],"jetpack_sharing_enabled":true,"_links":{"self":[{"href":"https:\/\/pro.beautyproject.ch\/fr\/wp-json\/wp\/v2\/product\/6691","targetHints":{"allow":["GET"]}}],"collection":[{"href":"https:\/\/pro.beautyproject.ch\/fr\/wp-json\/wp\/v2\/product"}],"about":[{"href":"https:\/\/pro.beautyproject.ch\/fr\/wp-json\/wp\/v2\/types\/product"}],"wp:featuredmedia":[{"embeddable":true,"href":"https:\/\/pro.beautyproject.ch\/fr\/wp-json\/wp\/v2\/media\/4946"}],"wp:attachment":[{"href":"https:\/\/pro.beautyproject.ch\/fr\/wp-json\/wp\/v2\/media?parent=6691"}],"wp:term":[{"taxonomy":"product_brand","embeddable":true,"href":"https:\/\/pro.beautyproject.ch\/fr\/wp-json\/wp\/v2\/product_brand?post=6691"},{"taxonomy":"product_cat","embeddable":true,"href":"https:\/\/pro.beautyproject.ch\/fr\/wp-json\/wp\/v2\/product_cat?post=6691"},{"taxonomy":"product_tag","embeddable":true,"href":"https:\/\/pro.beautyproject.ch\/fr\/wp-json\/wp\/v2\/product_tag?post=6691"}],"curies":[{"name":"wp","href":"https:\/\/api.w.org\/{rel}","templated":true}]}}