{"id":7137,"date":"2025-08-21T17:48:07","date_gmt":"2025-08-21T15:48:07","guid":{"rendered":"https:\/\/pro.beautyproject.ch\/prodotto\/kinetics-shield-smart-top-light\/"},"modified":"2025-08-21T19:52:22","modified_gmt":"2025-08-21T17:52:22","slug":"kinetics-shield-smart-top-light","status":"publish","type":"product","link":"https:\/\/pro.beautyproject.ch\/fr\/produit\/kinetics-shield-smart-top-light\/","title":{"rendered":"KINETICS Shield Smart Top Light"},"content":{"rendered":"<p data-start=\"40\" data-end=\"59\"><strong data-start=\"40\" data-end=\"57\">INFO PRODUIT<\/strong><\/p>\n<p data-start=\"61\" data-end=\"96\">Pour un look naturel des ongles<\/p>\n<p data-start=\"98\" data-end=\"426\">Shield Smart Top Light est un Top Coat \u00e0 la consistance l\u00e9g\u00e8re et sans couche de dispersion, parfait pour obtenir un effet naturel sur les ongles. Sa formule hautement transparente emp\u00eache l&#8217;alt\u00e9ration de la couleur, tandis que sa composition sans HEMA r\u00e9duit le risque d&#8217;irritation de la peau, de d\u00e9mangeaisons, d&#8217;\u00e9caillage et de rougeurs. <\/p>\n<hr data-start=\"428\" data-end=\"431\">\n<p data-start=\"433\" data-end=\"455\"><strong data-start=\"433\" data-end=\"453\">UTILISATION DU PRODUIT<\/strong><\/p>\n<p data-start=\"457\" data-end=\"564\">Smart Top Light est formul\u00e9 pour \u00eatre utilis\u00e9 avec les syst\u00e8mes de vernis \u00e0 ongles semi-permanents et les syst\u00e8mes de gel.<\/p>\n<ul data-start=\"566\" data-end=\"937\">\n<li data-start=\"566\" data-end=\"702\">\n<p data-start=\"568\" data-end=\"702\"><strong data-start=\"568\" data-end=\"598\">Avec un vernis \u00e0 ongles semi-permanent :<\/strong> apr\u00e8s le durcissement de la couleur, appliquez Shield Smart Top Light et durcissez pendant 60 secondes.<\/p>\n<\/li>\n<li data-start=\"704\" data-end=\"937\">\n<p data-start=\"706\" data-end=\"937\"><strong data-start=\"706\" data-end=\"726\">Avec les syst\u00e8mes de gel :<\/strong> Apr\u00e8s la polym\u00e9risation du gel constructeur, retirez la couche de dispersion, matez la surface et nettoyez les ongles. Appliquez ensuite Shield Smart Top Light et polym\u00e9risez pendant 60 secondes. <\/p>\n<\/li>\n<\/ul>\n","protected":false},"excerpt":{"rendered":"<p>INFO PRODUIT Pour un look naturel des ongles Shield Smart Top Light est un Top Coat \u00e0 la consistance l\u00e9g\u00e8re et sans couche de dispersion, parfait pour obtenir un effet naturel sur les ongles. Sa formule hautement transparente emp\u00eache l&#8217;alt\u00e9ration de la couleur, tandis que sa composition sans HEMA r\u00e9duit le risque d&#8217;irritation de la [&hellip;]<\/p>\n","protected":false},"featured_media":7133,"template":"","meta":{"_acf_changed":false,"_seopress_robots_primary_cat":"none","_seopress_titles_title":"","_seopress_titles_desc":"","_seopress_robots_index":"","_seopress_analysis_target_kw":""},"product_brand":[],"product_cat":[111],"product_tag":[],"class_list":{"0":"post-7137","1":"product","2":"type-product","3":"status-publish","4":"has-post-thumbnail","6":"product_cat-shield-top-coat-fr-2","8":"first","9":"instock","10":"taxable","11":"shipping-taxable","12":"product-type-simple"},"acf":[],"jetpack_sharing_enabled":true,"_links":{"self":[{"href":"https:\/\/pro.beautyproject.ch\/fr\/wp-json\/wp\/v2\/product\/7137","targetHints":{"allow":["GET"]}}],"collection":[{"href":"https:\/\/pro.beautyproject.ch\/fr\/wp-json\/wp\/v2\/product"}],"about":[{"href":"https:\/\/pro.beautyproject.ch\/fr\/wp-json\/wp\/v2\/types\/product"}],"wp:featuredmedia":[{"embeddable":true,"href":"https:\/\/pro.beautyproject.ch\/fr\/wp-json\/wp\/v2\/media\/7133"}],"wp:attachment":[{"href":"https:\/\/pro.beautyproject.ch\/fr\/wp-json\/wp\/v2\/media?parent=7137"}],"wp:term":[{"taxonomy":"product_brand","embeddable":true,"href":"https:\/\/pro.beautyproject.ch\/fr\/wp-json\/wp\/v2\/product_brand?post=7137"},{"taxonomy":"product_cat","embeddable":true,"href":"https:\/\/pro.beautyproject.ch\/fr\/wp-json\/wp\/v2\/product_cat?post=7137"},{"taxonomy":"product_tag","embeddable":true,"href":"https:\/\/pro.beautyproject.ch\/fr\/wp-json\/wp\/v2\/product_tag?post=7137"}],"curies":[{"name":"wp","href":"https:\/\/api.w.org\/{rel}","templated":true}]}}