{"id":7148,"date":"2025-08-21T20:00:05","date_gmt":"2025-08-21T18:00:05","guid":{"rendered":"https:\/\/pro.beautyproject.ch\/prodotto\/shield-ceramic-base-clear\/"},"modified":"2025-08-21T20:00:05","modified_gmt":"2025-08-21T18:00:05","slug":"shield-ceramic-base-clear","status":"publish","type":"product","link":"https:\/\/pro.beautyproject.ch\/fr\/produit\/shield-ceramic-base-clear\/","title":{"rendered":"SHIELD\u2122 CERAMIC BASE CLEAR"},"content":{"rendered":"<p data-start=\"50\" data-end=\"69\"><strong data-start=\"50\" data-end=\"67\">INFORMATIONS SUR LES PRODUITS<\/strong><\/p>\n<p data-start=\"71\" data-end=\"223\">SHIELD\u2122 Ceramic Base Clear est une couche de base solide et durable avec une tenue allant jusqu&#8217;\u00e0 28 jours. Elle permet des extensions d&#8217;ongles jusqu&#8217;\u00e0 2 mm. <\/p>\n<p data-start=\"225\" data-end=\"394\">La formule pr\u00e9sente une structure ferme de type gel qui ne se fissure pas, m\u00eame sur des ongles longs ou flexibles, et conserve sa forme tout au long de l&#8217;application.<\/p>\n<p data-start=\"396\" data-end=\"602\">La SHIELD\u2122 Ceramic Base Clear a une consistance dense qui ne coule pas et ne bouge pas sur les cuticules. Elle est autonivelante et permet une forme parfaite de l&#8217;ongle avec une surface extr\u00eamement lisse. <\/p>\n<p data-start=\"604\" data-end=\"748\">SHIELD Ceramic Base Clear ne contient pas d&#8217;HEMA, ce qui r\u00e9duit le risque de d\u00e9mangeaisons et de rougeurs cutan\u00e9es par rapport aux bases contenant de l&#8217;HEMA.<\/p>\n<p data-start=\"750\" data-end=\"792\">Polym\u00e9rise dans les lampes LED, UV\/LED et UV.<\/p>\n<hr data-start=\"794\" data-end=\"797\">\n<p data-start=\"799\" data-end=\"821\"><strong data-start=\"799\" data-end=\"819\">UTILISATION DU PRODUIT<\/strong><\/p>\n<p data-start=\"823\" data-end=\"917\">SHIELD Ceramic Base Clear ne peut \u00eatre utilis\u00e9 qu&#8217;avec la technique d&#8217;application Builder.<\/p>\n<ul data-start=\"919\" data-end=\"1640\">\n<li data-start=\"919\" data-end=\"1403\">\n<p data-start=\"921\" data-end=\"1225\"><strong data-start=\"921\" data-end=\"938\">Application.<\/strong>  Pr\u00e9parez la surface de l&#8217;ongle et appliquez une fine couche de SHIELD Ceramic Base Clear. Sans photopolym\u00e9risation, proc\u00e9dez \u00e0 l&#8217;application d&#8217;une couche plus \u00e9paisse pour cr\u00e9er le sommet de l&#8217;ongle. Si n\u00e9cessaire, r\u00e9alisez des extensions jusqu&#8217;\u00e0 2 mm ou r\u00e9parez l&#8217;ongle.  <\/p>\n<p data-start=\"1229\" data-end=\"1403\">Polym\u00e9risez pendant 30 secondes sous lampe LED ou UV\/LED, ou 90 secondes sous lampe UV. Poursuivez avec l&#8217;application de la couleur Shield souhait\u00e9e et du Top Coat Shield. <\/p>\n<\/li>\n<li data-start=\"1405\" data-end=\"1640\">\n<p data-start=\"1407\" data-end=\"1640\"><strong data-start=\"1407\" data-end=\"1421\">D\u00e9m\u00e9nagement.<\/strong>  Enlevez le produit en le limant jusqu&#8217;\u00e0 ce qu&#8217;il soit compl\u00e8tement \u00e9limin\u00e9. Vous pouvez \u00e9galement limer la plus grande partie du produit et le retirer ensuite avec un remover \u00e0 l&#8217;ac\u00e9tone, tel que Red Lizard, jusqu&#8217;\u00e0 ce qu&#8217;il soit compl\u00e8tement \u00e9limin\u00e9. <\/p>\n<\/li>\n<\/ul>\n","protected":false},"excerpt":{"rendered":"<p>INFORMATIONS SUR LES PRODUITS SHIELD\u2122 Ceramic Base Clear est une couche de base solide et durable avec une tenue allant jusqu&#8217;\u00e0 28 jours. Elle permet des extensions d&#8217;ongles jusqu&#8217;\u00e0 2 mm. La formule pr\u00e9sente une structure ferme de type gel qui ne se fissure pas, m\u00eame sur des ongles longs ou flexibles, et conserve sa [&hellip;]<\/p>\n","protected":false},"featured_media":7145,"template":"","meta":{"_acf_changed":false,"_seopress_robots_primary_cat":"none","_seopress_titles_title":"","_seopress_titles_desc":"","_seopress_robots_index":"","_seopress_analysis_target_kw":""},"product_brand":[],"product_cat":[106],"product_tag":[],"class_list":{"0":"post-7148","1":"product","2":"type-product","3":"status-publish","4":"has-post-thumbnail","6":"product_cat-shield-base-fr","8":"first","9":"instock","10":"taxable","11":"shipping-taxable","12":"product-type-simple"},"acf":[],"jetpack_sharing_enabled":true,"_links":{"self":[{"href":"https:\/\/pro.beautyproject.ch\/fr\/wp-json\/wp\/v2\/product\/7148","targetHints":{"allow":["GET"]}}],"collection":[{"href":"https:\/\/pro.beautyproject.ch\/fr\/wp-json\/wp\/v2\/product"}],"about":[{"href":"https:\/\/pro.beautyproject.ch\/fr\/wp-json\/wp\/v2\/types\/product"}],"wp:featuredmedia":[{"embeddable":true,"href":"https:\/\/pro.beautyproject.ch\/fr\/wp-json\/wp\/v2\/media\/7145"}],"wp:attachment":[{"href":"https:\/\/pro.beautyproject.ch\/fr\/wp-json\/wp\/v2\/media?parent=7148"}],"wp:term":[{"taxonomy":"product_brand","embeddable":true,"href":"https:\/\/pro.beautyproject.ch\/fr\/wp-json\/wp\/v2\/product_brand?post=7148"},{"taxonomy":"product_cat","embeddable":true,"href":"https:\/\/pro.beautyproject.ch\/fr\/wp-json\/wp\/v2\/product_cat?post=7148"},{"taxonomy":"product_tag","embeddable":true,"href":"https:\/\/pro.beautyproject.ch\/fr\/wp-json\/wp\/v2\/product_tag?post=7148"}],"curies":[{"name":"wp","href":"https:\/\/api.w.org\/{rel}","templated":true}]}}