{"id":7234,"date":"2025-02-21T08:44:19","date_gmt":"2025-02-21T07:44:19","guid":{"rendered":"https:\/\/pro.beautyproject.ch\/prodotto\/kinetics-handbody-lotion-frangipanisicilian-lemon-250ml\/"},"modified":"2025-02-21T08:44:19","modified_gmt":"2025-02-21T07:44:19","slug":"kinetics-handbody-lotion-frangipanisicilian-lemon-250ml","status":"publish","type":"product","link":"https:\/\/pro.beautyproject.ch\/fr\/produit\/kinetics-handbody-lotion-frangipanisicilian-lemon-250ml\/","title":{"rendered":"Kinetics Hand&amp;Body Lotion Frangipani&amp;Sicilian Lemon 250ml"},"content":{"rendered":"<p>Parfum : Frangipanier et citrons de Sicile<\/p>\n<p>Lotion parfum\u00e9e de texture ultra-l\u00e9g\u00e8re enrichie en beurre de karit\u00e9, vitamine E et huiles essentielles de Grasse, France. Hydratation 24 heures sur 24 <\/p>\n<p><strong>PARFUM<\/strong><\/p>\n<p>Un parfum vif et rafra\u00eechissant aux notes d&#8217;agrumes, parfait pour les chaudes journ\u00e9es d&#8217;\u00e9t\u00e9. Caract\u00e9ris\u00e9 par un m\u00e9lange de notes fruit\u00e9es et florales, il est soutenu par une base bois\u00e9e subtile, cr\u00e9ant une premi\u00e8re impression \u00e9l\u00e9gante. <\/p>\n<p><strong>Notes de t\u00eate<\/strong>: citron de Sicile, orange, mandarine.<\/p>\n<p><strong>Notes de c\u0153ur<\/strong>: Frangipanier, Pomme, Rose.<\/p>\n<p><strong>Notes de fond<\/strong>: bois de c\u00e8dre, ambre, musc blanc.<\/p>\n<p><strong>Famille olfactive<\/strong>: Frais<\/p>\n<p>&nbsp;<\/p>\n<p><strong>UTILISER<\/strong><\/p>\n<p>Appliquer et masser les paumes et les bras une \u00e0 deux fois par jour. Si n\u00e9cessaire, appliquez plus souvent. La lotion parfum\u00e9e peut \u00eatre utilis\u00e9e sur tout le corps.  <\/p>\n","protected":false},"excerpt":{"rendered":"<p>Lotion parfum\u00e9e de texture ultra-l\u00e9g\u00e8re enrichie en beurre de karit\u00e9, vitamine E et huiles essentielles de Grasse, France.<\/p>\n<p>250mL<\/p>\n","protected":false},"featured_media":2058,"template":"","meta":{"_acf_changed":false,"_seopress_robots_primary_cat":"","_seopress_titles_title":"","_seopress_titles_desc":"","_seopress_robots_index":"","_seopress_analysis_target_kw":""},"product_brand":[],"product_cat":[115],"product_tag":[],"class_list":{"0":"post-7234","1":"product","2":"type-product","3":"status-publish","4":"has-post-thumbnail","6":"product_cat-skin-care-fr","8":"first","9":"outofstock","10":"taxable","11":"shipping-taxable","12":"product-type-simple"},"acf":[],"jetpack_sharing_enabled":true,"_links":{"self":[{"href":"https:\/\/pro.beautyproject.ch\/fr\/wp-json\/wp\/v2\/product\/7234","targetHints":{"allow":["GET"]}}],"collection":[{"href":"https:\/\/pro.beautyproject.ch\/fr\/wp-json\/wp\/v2\/product"}],"about":[{"href":"https:\/\/pro.beautyproject.ch\/fr\/wp-json\/wp\/v2\/types\/product"}],"wp:featuredmedia":[{"embeddable":true,"href":"https:\/\/pro.beautyproject.ch\/fr\/wp-json\/wp\/v2\/media\/2058"}],"wp:attachment":[{"href":"https:\/\/pro.beautyproject.ch\/fr\/wp-json\/wp\/v2\/media?parent=7234"}],"wp:term":[{"taxonomy":"product_brand","embeddable":true,"href":"https:\/\/pro.beautyproject.ch\/fr\/wp-json\/wp\/v2\/product_brand?post=7234"},{"taxonomy":"product_cat","embeddable":true,"href":"https:\/\/pro.beautyproject.ch\/fr\/wp-json\/wp\/v2\/product_cat?post=7234"},{"taxonomy":"product_tag","embeddable":true,"href":"https:\/\/pro.beautyproject.ch\/fr\/wp-json\/wp\/v2\/product_tag?post=7234"}],"curies":[{"name":"wp","href":"https:\/\/api.w.org\/{rel}","templated":true}]}}