{"id":7240,"date":"2024-10-21T08:44:30","date_gmt":"2024-10-21T06:44:30","guid":{"rendered":"https:\/\/pro.beautyproject.ch\/prodotto\/kinetics-nail-polish-remover-green-lizard-with-apricot-scent-225-ml\/"},"modified":"2024-10-21T08:44:30","modified_gmt":"2024-10-21T06:44:30","slug":"kinetics-nail-polish-remover-green-lizard-with-apricot-scent-225-ml","status":"publish","type":"product","link":"https:\/\/pro.beautyproject.ch\/fr\/produit\/kinetics-nail-polish-remover-green-lizard-with-apricot-scent-225-ml\/","title":{"rendered":"Kinetics Nail Polish Remover Green Lizard with Apricot scent 225 ml"},"content":{"rendered":"<p>Dissolvant professionnel doux pour le vernis \u00e0 ongles, avec un parfum rafra\u00eechissant d&#8217;abricot et une d\u00e9licate touche de p\u00eache. Il est parfait pour les ongles naturels et acryliques et peut \u00eatre utilis\u00e9 en toute s\u00e9curit\u00e9 sur les ongles fragiles et ab\u00eem\u00e9s. <\/p>\n","protected":false},"excerpt":{"rendered":"<p>Solvant sans ac\u00e9tone pour enlever l&#8217;\u00e9mail SolarGel.<\/p>\n","protected":false},"featured_media":2246,"template":"","meta":{"_acf_changed":false,"_seopress_robots_primary_cat":"none","_seopress_titles_title":"","_seopress_titles_desc":"","_seopress_robots_index":"","_seopress_analysis_target_kw":""},"product_brand":[],"product_cat":[102],"product_tag":[],"class_list":{"0":"post-7240","1":"product","2":"type-product","3":"status-publish","4":"has-post-thumbnail","6":"product_cat-removers-fr","8":"first","9":"outofstock","10":"taxable","11":"shipping-taxable","12":"product-type-simple"},"acf":[],"jetpack_sharing_enabled":true,"_links":{"self":[{"href":"https:\/\/pro.beautyproject.ch\/fr\/wp-json\/wp\/v2\/product\/7240","targetHints":{"allow":["GET"]}}],"collection":[{"href":"https:\/\/pro.beautyproject.ch\/fr\/wp-json\/wp\/v2\/product"}],"about":[{"href":"https:\/\/pro.beautyproject.ch\/fr\/wp-json\/wp\/v2\/types\/product"}],"wp:featuredmedia":[{"embeddable":true,"href":"https:\/\/pro.beautyproject.ch\/fr\/wp-json\/wp\/v2\/media\/2246"}],"wp:attachment":[{"href":"https:\/\/pro.beautyproject.ch\/fr\/wp-json\/wp\/v2\/media?parent=7240"}],"wp:term":[{"taxonomy":"product_brand","embeddable":true,"href":"https:\/\/pro.beautyproject.ch\/fr\/wp-json\/wp\/v2\/product_brand?post=7240"},{"taxonomy":"product_cat","embeddable":true,"href":"https:\/\/pro.beautyproject.ch\/fr\/wp-json\/wp\/v2\/product_cat?post=7240"},{"taxonomy":"product_tag","embeddable":true,"href":"https:\/\/pro.beautyproject.ch\/fr\/wp-json\/wp\/v2\/product_tag?post=7240"}],"curies":[{"name":"wp","href":"https:\/\/api.w.org\/{rel}","templated":true}]}}