{"id":7280,"date":"2025-10-26T10:49:04","date_gmt":"2025-10-26T09:49:04","guid":{"rendered":"https:\/\/pro.beautyproject.ch\/?post_type=product&#038;p=7280"},"modified":"2025-10-26T11:00:42","modified_gmt":"2025-10-26T10:00:42","slug":"kinetics-handbody-lotion-frangipanisicilian-lemon-250ml-copia","status":"publish","type":"product","link":"https:\/\/pro.beautyproject.ch\/fr\/produit\/kinetics-handbody-lotion-frangipanisicilian-lemon-250ml-copia\/","title":{"rendered":"KINETICS Lotion pour les mains et le corps Poivre de Sichuan &amp; C\u00e8dre 250ml"},"content":{"rendered":"<p>Parfum : Poivre de Sichuan et c\u00e8dre<\/p>\n<p>Lotion parfum\u00e9e de texture ultra-l\u00e9g\u00e8re enrichie en beurre de karit\u00e9, vitamine E et huiles essentielles de Grasse, France. Hydratation 24 heures sur 24 <\/p>\n<p><strong>PARFUM<\/strong><\/p>\n<p>Des notes de bergamote fra\u00eeche et de bois de c\u00e8dre ouvrent ce parfum unisexe au caract\u00e8re bois\u00e9 et musqu\u00e9. Avec un c\u0153ur de poivre \u00e9pic\u00e9 et de v\u00e9tiver fum\u00e9, et des notes de fond qui combinent chaleureusement la mousse de ch\u00eane, la f\u00e8ve tonka et le poivre, ce parfum est le choix id\u00e9al pour une soir\u00e9e. <\/p>\n<p><strong>Notes de t\u00eate<\/strong>: Citron, Bergamote et Orange, Citron de Sicile<\/p>\n<p><strong>Notes de c\u0153ur<\/strong>: poivre de Sichuan, poivre rose, v\u00e9tiver<\/p>\n<p><strong>Notes de fond<\/strong>: f\u00e8ve tonka, poivre, mousse de ch\u00eane<\/p>\n<p><strong>Famille olfactive<\/strong>: Frais<\/p>\n<p>&nbsp;<\/p>\n<p><strong>UTILISER<\/strong><\/p>\n<p>Appliquer et masser les paumes et les bras une \u00e0 deux fois par jour. Si n\u00e9cessaire, appliquez plus souvent. La lotion parfum\u00e9e peut \u00eatre utilis\u00e9e sur tout le corps.  <\/p>\n","protected":false},"excerpt":{"rendered":"<p>Lotion parfum\u00e9e de texture ultra-l\u00e9g\u00e8re enrichie en beurre de karit\u00e9, vitamine E et huiles essentielles de Grasse, France.<\/p>\n<p>250mL<\/p>\n","protected":false},"featured_media":7303,"template":"","meta":{"_acf_changed":false,"_seopress_robots_primary_cat":"none","_seopress_titles_title":"","_seopress_titles_desc":"","_seopress_robots_index":"","_seopress_analysis_target_kw":""},"product_brand":[],"product_cat":[115],"product_tag":[],"class_list":{"0":"post-7280","1":"product","2":"type-product","3":"status-publish","4":"has-post-thumbnail","6":"product_cat-skin-care-fr","8":"first","9":"outofstock","10":"taxable","11":"shipping-taxable","12":"product-type-simple"},"acf":[],"jetpack_sharing_enabled":true,"_links":{"self":[{"href":"https:\/\/pro.beautyproject.ch\/fr\/wp-json\/wp\/v2\/product\/7280","targetHints":{"allow":["GET"]}}],"collection":[{"href":"https:\/\/pro.beautyproject.ch\/fr\/wp-json\/wp\/v2\/product"}],"about":[{"href":"https:\/\/pro.beautyproject.ch\/fr\/wp-json\/wp\/v2\/types\/product"}],"wp:featuredmedia":[{"embeddable":true,"href":"https:\/\/pro.beautyproject.ch\/fr\/wp-json\/wp\/v2\/media\/7303"}],"wp:attachment":[{"href":"https:\/\/pro.beautyproject.ch\/fr\/wp-json\/wp\/v2\/media?parent=7280"}],"wp:term":[{"taxonomy":"product_brand","embeddable":true,"href":"https:\/\/pro.beautyproject.ch\/fr\/wp-json\/wp\/v2\/product_brand?post=7280"},{"taxonomy":"product_cat","embeddable":true,"href":"https:\/\/pro.beautyproject.ch\/fr\/wp-json\/wp\/v2\/product_cat?post=7280"},{"taxonomy":"product_tag","embeddable":true,"href":"https:\/\/pro.beautyproject.ch\/fr\/wp-json\/wp\/v2\/product_tag?post=7280"}],"curies":[{"name":"wp","href":"https:\/\/api.w.org\/{rel}","templated":true}]}}